{"id":5235,"date":"2014-05-07T16:23:39","date_gmt":"2014-05-07T15:23:39","guid":{"rendered":"https:\/\/preprod.a-nse.com\/our-expertise\/"},"modified":"2025-05-12T16:48:06","modified_gmt":"2025-05-12T15:48:06","slug":"our-expertise","status":"publish","type":"page","link":"https:\/\/www.a-nse.com\/fr\/our-expertise\/","title":{"rendered":"Nos savoir-faire"},"content":{"rendered":"\n<style type=\"text\/css\" data-created_by=\"avia_inline_auto\" id=\"style-css-av-lnt0pz2c-ef1326a61483260506eb68cc3b8b0a1a\">\n.avia-section.av-lnt0pz2c-ef1326a61483260506eb68cc3b8b0a1a{\nbackground-repeat:no-repeat;\nbackground-image:url(https:\/\/www.a-nse.com\/wp-content\/uploads\/2023\/10\/a-nse-safran.jpg);\nbackground-position:50% 50%;\nbackground-attachment:scroll;\n}\n.avia-section.av-lnt0pz2c-ef1326a61483260506eb68cc3b8b0a1a .av-section-color-overlay{\nopacity:0.5;\nbackground-color:#0d4a75;\n}\n<\/style>\n<div id='av_section_1'  class='avia-section av-lnt0pz2c-ef1326a61483260506eb68cc3b8b0a1a main_color avia-section-default avia-no-border-styling  avia-builder-el-0  avia-builder-el-no-sibling  avia-full-stretch avia-bg-style-scroll av-section-color-overlay-active av-minimum-height av-minimum-height-100 av-height-100  container_wrap fullsize'  data-section-bg-repeat='stretch' data-av_minimum_height_pc='100' data-av_min_height_opt='100'><div class=\"av-section-color-overlay-wrap\"><div class=\"av-section-color-overlay\"><\/div><div class='container av-section-cont-open' ><main  role=\"main\" itemprop=\"mainContentOfPage\"  class='template-page content  av-content-full alpha units'><div class='post-entry post-entry-type-page post-entry-5235'><div class='entry-content-wrapper clearfix'>\n\n<style type=\"text\/css\" data-created_by=\"avia_inline_auto\" id=\"style-css-av-lnt0pk53-5bf411c8f4b20fbf3227b1e95c075d60\">\n#top .av-special-heading.av-lnt0pk53-5bf411c8f4b20fbf3227b1e95c075d60{\npadding-bottom:30px;\ncolor:#ffffff;\n}\nbody .av-special-heading.av-lnt0pk53-5bf411c8f4b20fbf3227b1e95c075d60 .av-special-heading-tag .heading-char{\nfont-size:25px;\n}\n.av-special-heading.av-lnt0pk53-5bf411c8f4b20fbf3227b1e95c075d60 .special-heading-inner-border{\nborder-color:#ffffff;\n}\n.av-special-heading.av-lnt0pk53-5bf411c8f4b20fbf3227b1e95c075d60 .av-subheading{\nfont-size:15px;\n}\n<\/style>\n<div  class='av-special-heading av-lnt0pk53-5bf411c8f4b20fbf3227b1e95c075d60 av-special-heading-h2 custom-color-heading blockquote modern-quote modern-centered  avia-builder-el-1  el_before_av_textblock  avia-builder-el-first '><h2 class='av-special-heading-tag '  itemprop=\"headline\"  >Nos savoir-faire<\/h2><div class=\"special-heading-border\"><div class=\"special-heading-inner-border\"><\/div><\/div><\/div>\n\n<style type=\"text\/css\" data-created_by=\"avia_inline_auto\" id=\"style-css-av-2sjden-49a283fb1b3ac7b4306d1c6eeb045f74\">\n#top .av_textblock_section.av-2sjden-49a283fb1b3ac7b4306d1c6eeb045f74 .avia_textblock{\nfont-size:24px;\ncolor:#ffffff;\n}\n<\/style>\n<section  class='av_textblock_section av-2sjden-49a283fb1b3ac7b4306d1c6eeb045f74 '   itemscope=\"itemscope\" itemtype=\"https:\/\/schema.org\/CreativeWork\" ><div class='avia_textblock av_inherit_color'  itemprop=\"text\" ><p style=\"text-align: center;\">A-NSE est une soci\u00e9t\u00e9 fran\u00e7aise sp\u00e9cialis\u00e9e dans la conception, la fabrication et l\u2019exploitation de syst\u00e8mes de surveillance a\u00e9roport\u00e9s. Le si\u00e8ge social de l\u2019entreprise ainsi que son centre de production sont \u00e0 La Ciotat (13) tandis que son centre d\u2019essais en vol\u00a0 est situ\u00e9 \u00e0 Pourri\u00e8res (83). A-NSE se d\u00e9veloppe autour de deux p\u00f4les d\u2019activit\u00e9s :<\/p>\n<\/div><\/section>\n\n<style type=\"text\/css\" data-created_by=\"avia_inline_auto\" id=\"style-css-av-dbpmn-420d57c95b69137756d0331ac04fa7d2\">\n.flex_column.av-dbpmn-420d57c95b69137756d0331ac04fa7d2{\npadding:30px 30px 30px 30px;\nbackground-color:#ffffff;\n}\n<\/style>\n<div  class='flex_column av-dbpmn-420d57c95b69137756d0331ac04fa7d2 av_two_third  avia-builder-el-3  el_after_av_textblock  el_before_av_one_third  first flex_column_div  column-top-margin'     ><section  class='av_textblock_section av-1p0zdz-fc88100ade2d830ba456f7809e9213c4 '   itemscope=\"itemscope\" itemtype=\"https:\/\/schema.org\/CreativeWork\" ><div class='avia_textblock'  itemprop=\"text\" ><h3>SERVICES<\/h3>\n<p>Des pilotes et des techniciens du d\u00e9partement Exploitation de la soci\u00e9t\u00e9 sont mis \u00e0 la disposition des clients d\u2019A-NSE pour exploiter les syst\u00e8mes de surveillance. L\u2019Ecole de Formation mise en \u0153uvre par A-NSE lui permet de dispenser \u00e0 ses clients des formations \u00e0 l\u2019exploitation de ballons captifs et dirigeables. L\u2019\u00e9quipe Maintien en conditions op\u00e9rationnelles, compos\u00e9e de techniciens, assure l\u2019entretien des syst\u00e8mes.<\/p>\n<\/div><\/section><br \/>\n<div  class='tabcontainer av-1a0orr-7555aa03eef1396b31e6201e2930a7bd sidebar_tab sidebar_tab_left  avia-builder-el-5  el_after_av_textblock  avia-builder-el-last  border_tabs'>\n<section class='av_tab_section av_tab_section av-144d93-6c449d5f08b3e34968912987458ec3f8'  itemscope=\"itemscope\" itemtype=\"https:\/\/schema.org\/CreativeWork\" ><div id='tab-id-1-tab' class='tab active_tab' role='tab' aria-selected=\"true\" tabindex=\"0\" data-fake-id='#tab-id-1' aria-controls='tab-id-1-content'  itemprop=\"headline\" ><span class='tab_icon avia-iconfont avia-font-entypo-fontello' data-av_icon='\ue87d' data-av_iconfont='entypo-fontello' ><\/span>Installation sur site<\/div><div id='tab-id-1-content' class='tab_content active_tab_content' role='tabpanel' aria-labelledby='tab-id-1-tab' aria-hidden=\"false\"><div class='tab_inner_content invers-color'  itemprop=\"text\" ><p><span class=\"HwtZe\" lang=\"fr\"><span class=\"jCAhz JpY6Fd\"><span class=\"ryNqvb\">L&rsquo;installation et la mise en service sur site de l&rsquo;ensemble des syst\u00e8mes sont assur\u00e9es par une \u00e9quipe d&rsquo;experts.<\/span><\/span> <span class=\"jCAhz ChMk0b\"><span class=\"ryNqvb\">Cette installation sera conclue par la d\u00e9livrance d&rsquo;un certificat d&rsquo;installation.<\/span><\/span><\/span><\/p>\n<\/div><\/div><\/section>\n<section class='av_tab_section av_tab_section av-yw7bz-38e44c505739539c0fe403902514454d'  itemscope=\"itemscope\" itemtype=\"https:\/\/schema.org\/CreativeWork\" ><div id='tab-id-2-tab' class='tab' role='tab' aria-selected=\"false\" tabindex=\"0\" data-fake-id='#tab-id-2' aria-controls='tab-id-2-content'  itemprop=\"headline\" ><span class='tab_icon avia-iconfont avia-font-entypo-fontello' data-av_icon='\ue87d' data-av_iconfont='entypo-fontello' ><\/span>Formation du personnel<\/div><div id='tab-id-2-content' class='tab_content' role='tabpanel' aria-labelledby='tab-id-2-tab' aria-hidden=\"true\"><div class='tab_inner_content invers-color'  itemprop=\"text\" ><p><span class=\"HwtZe\" lang=\"fr\"><span class=\"jCAhz ChMk0b\"><span class=\"ryNqvb\">L&rsquo;entreprise est reconnue par les autorit\u00e9s a\u00e9ronautiques comme une entreprise de formation pour les pilotes et les \u00e9quipes au sol de ballons captifs et dirigeables.<\/span><\/span> <span class=\"jCAhz ChMk0b\"><span class=\"ryNqvb\">Ainsi, elle dispense la formation n\u00e9cessaire avec deux experts en a\u00e9rostats, un expert en analyse d&rsquo;images optiques et infrarouges et un expert en logiciels.<\/span><\/span><\/span><\/p>\n<\/div><\/div><\/section>\n<section class='av_tab_section av_tab_section av-qgelr-73ff1c5aa3dd4364176f822b5f743cd3'  itemscope=\"itemscope\" itemtype=\"https:\/\/schema.org\/CreativeWork\" ><div id='tab-id-3-tab' class='tab' role='tab' aria-selected=\"false\" tabindex=\"0\" data-fake-id='#tab-id-3' aria-controls='tab-id-3-content'  itemprop=\"headline\" ><span class='tab_icon avia-iconfont avia-font-entypo-fontello' data-av_icon='\ue87d' data-av_iconfont='entypo-fontello' ><\/span>Approvisionnement en h\u00e9lium<\/div><div id='tab-id-3-content' class='tab_content' role='tabpanel' aria-labelledby='tab-id-3-tab' aria-hidden=\"true\"><div class='tab_inner_content invers-color'  itemprop=\"text\" ><p><span class=\"HwtZe\" lang=\"fr\"><span class=\"jCAhz ChMk0b\"><span class=\"ryNqvb\">A-NSE, \u00e0 l&rsquo;aide de son fournisseur d&rsquo;h\u00e9lium et de son r\u00e9seau de distribution, fournira les quantit\u00e9s d&rsquo;h\u00e9lium n\u00e9cessaires.<\/span><\/span><\/span><\/p>\n<\/div><\/div><\/section>\n<section class='av_tab_section av_tab_section av-kub53-d09192641eae0190a6627960ebff9280'  itemscope=\"itemscope\" itemtype=\"https:\/\/schema.org\/CreativeWork\" ><div id='tab-id-4-tab' class='tab' role='tab' aria-selected=\"false\" tabindex=\"0\" data-fake-id='#tab-id-4' aria-controls='tab-id-4-content'  itemprop=\"headline\" ><span class='tab_icon avia-iconfont avia-font-entypo-fontello' data-av_icon='\ue87d' data-av_iconfont='entypo-fontello' ><\/span>Processus d\u2019autorisation de vol<\/div><div id='tab-id-4-content' class='tab_content' role='tabpanel' aria-labelledby='tab-id-4-tab' aria-hidden=\"true\"><div class='tab_inner_content invers-color'  itemprop=\"text\" ><p><span class=\"HwtZe\" lang=\"fr\"><span class=\"jCAhz ChMk0b\"><span class=\"ryNqvb\">A-NSE assure tous les aspects r\u00e9glementaires concernant le d\u00e9ploiement du syst\u00e8me d&rsquo;observation.<\/span><\/span><\/span><\/p>\n<\/div><\/div><\/section>\n<section class='av_tab_section av_tab_section av-gbabb-f08aae98a1f3dc945eaabde14b867fa6'  itemscope=\"itemscope\" itemtype=\"https:\/\/schema.org\/CreativeWork\" ><div id='tab-id-5-tab' class='tab' role='tab' aria-selected=\"false\" tabindex=\"0\" data-fake-id='#tab-id-5' aria-controls='tab-id-5-content'  itemprop=\"headline\" ><span class='tab_icon avia-iconfont avia-font-entypo-fontello' data-av_icon='\ue87d' data-av_iconfont='entypo-fontello' ><\/span>Maintenance<\/div><div id='tab-id-5-content' class='tab_content' role='tabpanel' aria-labelledby='tab-id-5-tab' aria-hidden=\"true\"><div class='tab_inner_content invers-color'  itemprop=\"text\" ><p><span class=\"HwtZe\" lang=\"fr\"><span class=\"jCAhz ChMk0b\"><span class=\"ryNqvb\">A-NSE garantit la fourniture des pi\u00e8ces de rechange pour ses syst\u00e8mes.<\/span><\/span> <span class=\"jCAhz ChMk0b\"><span class=\"ryNqvb\">De plus, l&rsquo;entreprise met \u00e0 disposition du personnel qualifi\u00e9 pour assurer la maintenance des \u00e9quipements en conditions op\u00e9rationnelles, conform\u00e9ment au programme de maintenance \u00e9tabli. Dur\u00e9e de la garantie\u00a0: un an.<\/span><\/span><\/span><\/p>\n<\/div><\/div><\/section>\n<section class='av_tab_section av_tab_section av-7slf3-e9b7620ae4953f475455efa0a385e93b'  itemscope=\"itemscope\" itemtype=\"https:\/\/schema.org\/CreativeWork\" ><div id='tab-id-6-tab' class='tab' role='tab' aria-selected=\"false\" tabindex=\"0\" data-fake-id='#tab-id-6' aria-controls='tab-id-6-content'  itemprop=\"headline\" ><span class='tab_icon avia-iconfont avia-font-entypo-fontello' data-av_icon='\ue87d' data-av_iconfont='entypo-fontello' ><\/span>Taux d\u2019utilisation<\/div><div id='tab-id-6-content' class='tab_content' role='tabpanel' aria-labelledby='tab-id-6-tab' aria-hidden=\"true\"><div class='tab_inner_content invers-color'  itemprop=\"text\" ><p><span class=\"HwtZe\" lang=\"fr\"><span class=\"jCAhz ChMk0b\"><span class=\"ryNqvb\">A-NSE est la seule entreprise \u00e0 afficher un taux d&rsquo;utilisation moyen sup\u00e9rieur \u00e0 93 %.<\/span><\/span><span class=\"jCAhz ChMk0b\"><span class=\"ryNqvb\"> Taux obtenu en corr\u00e9lant les \u00e9tudes m\u00e9t\u00e9orologiques aux performances de l&rsquo;a\u00e9rostat (performances li\u00e9es \u00e0 la p\u00e9riode de maintenance et aux donn\u00e9es de vent).<\/span><\/span><span class=\"jCAhz ChMk0b\"><span class=\"ryNqvb\"> \u00c9tudes m\u00e9t\u00e9orologiques r\u00e9alis\u00e9es \u00e0 partir des donn\u00e9es fournies par la NOAA (National Oceanic and Atmospheric Administration).<\/span><\/span><\/span><\/p>\n<\/div><\/div><\/section>\n<\/div><\/p><\/div>\n<style type=\"text\/css\" data-created_by=\"avia_inline_auto\" id=\"style-css-av-syt8f-8f8a1ef7f83de72acf98f66e3cc34ebe\">\n.flex_column.av-syt8f-8f8a1ef7f83de72acf98f66e3cc34ebe{\npadding:30px 30px 30px 30px;\nbackground-color:#ffffff;\n}\n<\/style>\n<div  class='flex_column av-syt8f-8f8a1ef7f83de72acf98f66e3cc34ebe av_one_third  avia-builder-el-6  el_after_av_two_third  avia-builder-el-last  flex_column_div  column-top-margin'     ><section  class='av_textblock_section av-27kulj-aa583bd46763be8383fef7d6f582fb91 '   itemscope=\"itemscope\" itemtype=\"https:\/\/schema.org\/CreativeWork\" ><div class='avia_textblock'  itemprop=\"text\" ><h3>INGENIERIE<\/h3>\n<p>Le d\u00e9partement Bureau d\u2019Etudes met au point les technologies permettant d\u2019am\u00e9liorer les performances et d\u2019optimiser l\u2019utilisation des a\u00e9rostats actuels. Il a \u00e9galement en charge l\u2019architecture et l\u2019int\u00e9gration des syst\u00e8mes de surveillance embarqu\u00e9. Le d\u00e9partement Production et Certification maitrise plusieurs techniques de production telles la d\u00e9coupe et la soudure de produits lamin\u00e9s, ainsi que la mise en \u0153uvre de composite carbone kevlar. Le processus de production A-NSE respecte les normes a\u00e9ronautiques europ\u00e9ennes (EASA) d\u00e9finies par le bureau des m\u00e9thodes pour l\u2019obtention de l\u2019agr\u00e9ment de production. L\u2019expertise d\u2019A-NSE r\u00e9side \u00e9galement dans sa capacit\u00e9 \u00e0 ajuster ses syst\u00e8mes aux besoins de ses clients. Plus qu\u2019une simple installation, c\u2019est une int\u00e9gration compl\u00e8te du syst\u00e8me qui est propos\u00e9e. Nos solutions comprennent une int\u00e9gration avec tous les syst\u00e8mes de surveillance impliqu\u00e9s sur site, des logiciels de traitement d\u2019images, de cartographie en 3D et de d\u00e9tection des menaces pour une prise de d\u00e9cision optimale.<\/p>\n<\/div><\/section><\/div>\n","protected":false},"excerpt":{"rendered":"","protected":false},"author":5,"featured_media":0,"parent":0,"menu_order":0,"comment_status":"closed","ping_status":"closed","template":"","meta":{"footnotes":""},"class_list":["post-5235","page","type-page","status-publish","hentry"],"yoast_head":"<!-- This site is optimized with the Yoast SEO plugin v27.4 - https:\/\/yoast.com\/product\/yoast-seo-wordpress\/ -->\n<title>Nos savoir-faire - A-NSE<\/title>\n<meta name=\"robots\" content=\"index, follow, max-snippet:-1, max-image-preview:large, max-video-preview:-1\" \/>\n<link rel=\"canonical\" href=\"https:\/\/www.a-nse.com\/fr\/our-expertise\/\" \/>\n<meta property=\"og:locale\" content=\"fr_FR\" \/>\n<meta property=\"og:type\" content=\"article\" \/>\n<meta property=\"og:title\" content=\"Nos savoir-faire - A-NSE\" \/>\n<meta property=\"og:url\" content=\"https:\/\/www.a-nse.com\/fr\/our-expertise\/\" \/>\n<meta property=\"og:site_name\" content=\"A-NSE\" \/>\n<meta property=\"article:modified_time\" content=\"2025-05-12T15:48:06+00:00\" \/>\n<meta name=\"twitter:card\" content=\"summary_large_image\" \/>\n<meta name=\"twitter:label1\" content=\"Dur\u00e9e de lecture estim\u00e9e\" \/>\n\t<meta name=\"twitter:data1\" content=\"3 minutes\" \/>\n<script type=\"application\/ld+json\" class=\"yoast-schema-graph\">{\"@context\":\"https:\\\/\\\/schema.org\",\"@graph\":[{\"@type\":\"WebPage\",\"@id\":\"https:\\\/\\\/www.a-nse.com\\\/fr\\\/our-expertise\\\/\",\"url\":\"https:\\\/\\\/www.a-nse.com\\\/fr\\\/our-expertise\\\/\",\"name\":\"Nos savoir-faire - A-NSE\",\"isPartOf\":{\"@id\":\"https:\\\/\\\/www.a-nse.com\\\/fr\\\/#website\"},\"datePublished\":\"2014-05-07T15:23:39+00:00\",\"dateModified\":\"2025-05-12T15:48:06+00:00\",\"breadcrumb\":{\"@id\":\"https:\\\/\\\/www.a-nse.com\\\/fr\\\/our-expertise\\\/#breadcrumb\"},\"inLanguage\":\"fr-FR\",\"potentialAction\":[{\"@type\":\"ReadAction\",\"target\":[\"https:\\\/\\\/www.a-nse.com\\\/fr\\\/our-expertise\\\/\"]}]},{\"@type\":\"BreadcrumbList\",\"@id\":\"https:\\\/\\\/www.a-nse.com\\\/fr\\\/our-expertise\\\/#breadcrumb\",\"itemListElement\":[{\"@type\":\"ListItem\",\"position\":1,\"name\":\"Accueil\",\"item\":\"https:\\\/\\\/www.a-nse.com\\\/fr\\\/home-2023\\\/\"},{\"@type\":\"ListItem\",\"position\":2,\"name\":\"Nos savoir-faire\"}]},{\"@type\":\"WebSite\",\"@id\":\"https:\\\/\\\/www.a-nse.com\\\/fr\\\/#website\",\"url\":\"https:\\\/\\\/www.a-nse.com\\\/fr\\\/\",\"name\":\"A-NSE\",\"description\":\"Aero-nautic services &amp; engineering\",\"publisher\":{\"@id\":\"https:\\\/\\\/www.a-nse.com\\\/fr\\\/#organization\"},\"potentialAction\":[{\"@type\":\"SearchAction\",\"target\":{\"@type\":\"EntryPoint\",\"urlTemplate\":\"https:\\\/\\\/www.a-nse.com\\\/fr\\\/?s={search_term_string}\"},\"query-input\":{\"@type\":\"PropertyValueSpecification\",\"valueRequired\":true,\"valueName\":\"search_term_string\"}}],\"inLanguage\":\"fr-FR\"},{\"@type\":\"Organization\",\"@id\":\"https:\\\/\\\/www.a-nse.com\\\/fr\\\/#organization\",\"name\":\"A-NSE\",\"url\":\"https:\\\/\\\/www.a-nse.com\\\/fr\\\/\",\"logo\":{\"@type\":\"ImageObject\",\"inLanguage\":\"fr-FR\",\"@id\":\"https:\\\/\\\/www.a-nse.com\\\/fr\\\/#\\\/schema\\\/logo\\\/image\\\/\",\"url\":\"https:\\\/\\\/www.a-nse.com\\\/wp-content\\\/uploads\\\/2023\\\/10\\\/logo-a-nse-2023-ok.png\",\"contentUrl\":\"https:\\\/\\\/www.a-nse.com\\\/wp-content\\\/uploads\\\/2023\\\/10\\\/logo-a-nse-2023-ok.png\",\"width\":666,\"height\":231,\"caption\":\"A-NSE\"},\"image\":{\"@id\":\"https:\\\/\\\/www.a-nse.com\\\/fr\\\/#\\\/schema\\\/logo\\\/image\\\/\"}}]}<\/script>\n<!-- \/ Yoast SEO plugin. -->","yoast_head_json":{"title":"Nos savoir-faire - A-NSE","robots":{"index":"index","follow":"follow","max-snippet":"max-snippet:-1","max-image-preview":"max-image-preview:large","max-video-preview":"max-video-preview:-1"},"canonical":"https:\/\/www.a-nse.com\/fr\/our-expertise\/","og_locale":"fr_FR","og_type":"article","og_title":"Nos savoir-faire - A-NSE","og_url":"https:\/\/www.a-nse.com\/fr\/our-expertise\/","og_site_name":"A-NSE","article_modified_time":"2025-05-12T15:48:06+00:00","twitter_card":"summary_large_image","twitter_misc":{"Dur\u00e9e de lecture estim\u00e9e":"3 minutes"},"schema":{"@context":"https:\/\/schema.org","@graph":[{"@type":"WebPage","@id":"https:\/\/www.a-nse.com\/fr\/our-expertise\/","url":"https:\/\/www.a-nse.com\/fr\/our-expertise\/","name":"Nos savoir-faire - A-NSE","isPartOf":{"@id":"https:\/\/www.a-nse.com\/fr\/#website"},"datePublished":"2014-05-07T15:23:39+00:00","dateModified":"2025-05-12T15:48:06+00:00","breadcrumb":{"@id":"https:\/\/www.a-nse.com\/fr\/our-expertise\/#breadcrumb"},"inLanguage":"fr-FR","potentialAction":[{"@type":"ReadAction","target":["https:\/\/www.a-nse.com\/fr\/our-expertise\/"]}]},{"@type":"BreadcrumbList","@id":"https:\/\/www.a-nse.com\/fr\/our-expertise\/#breadcrumb","itemListElement":[{"@type":"ListItem","position":1,"name":"Accueil","item":"https:\/\/www.a-nse.com\/fr\/home-2023\/"},{"@type":"ListItem","position":2,"name":"Nos savoir-faire"}]},{"@type":"WebSite","@id":"https:\/\/www.a-nse.com\/fr\/#website","url":"https:\/\/www.a-nse.com\/fr\/","name":"A-NSE","description":"Aero-nautic services &amp; engineering","publisher":{"@id":"https:\/\/www.a-nse.com\/fr\/#organization"},"potentialAction":[{"@type":"SearchAction","target":{"@type":"EntryPoint","urlTemplate":"https:\/\/www.a-nse.com\/fr\/?s={search_term_string}"},"query-input":{"@type":"PropertyValueSpecification","valueRequired":true,"valueName":"search_term_string"}}],"inLanguage":"fr-FR"},{"@type":"Organization","@id":"https:\/\/www.a-nse.com\/fr\/#organization","name":"A-NSE","url":"https:\/\/www.a-nse.com\/fr\/","logo":{"@type":"ImageObject","inLanguage":"fr-FR","@id":"https:\/\/www.a-nse.com\/fr\/#\/schema\/logo\/image\/","url":"https:\/\/www.a-nse.com\/wp-content\/uploads\/2023\/10\/logo-a-nse-2023-ok.png","contentUrl":"https:\/\/www.a-nse.com\/wp-content\/uploads\/2023\/10\/logo-a-nse-2023-ok.png","width":666,"height":231,"caption":"A-NSE"},"image":{"@id":"https:\/\/www.a-nse.com\/fr\/#\/schema\/logo\/image\/"}}]}},"_links":{"self":[{"href":"https:\/\/www.a-nse.com\/fr\/wp-json\/wp\/v2\/pages\/5235","targetHints":{"allow":["GET"]}}],"collection":[{"href":"https:\/\/www.a-nse.com\/fr\/wp-json\/wp\/v2\/pages"}],"about":[{"href":"https:\/\/www.a-nse.com\/fr\/wp-json\/wp\/v2\/types\/page"}],"author":[{"embeddable":true,"href":"https:\/\/www.a-nse.com\/fr\/wp-json\/wp\/v2\/users\/5"}],"replies":[{"embeddable":true,"href":"https:\/\/www.a-nse.com\/fr\/wp-json\/wp\/v2\/comments?post=5235"}],"version-history":[{"count":0,"href":"https:\/\/www.a-nse.com\/fr\/wp-json\/wp\/v2\/pages\/5235\/revisions"}],"wp:attachment":[{"href":"https:\/\/www.a-nse.com\/fr\/wp-json\/wp\/v2\/media?parent=5235"}],"curies":[{"name":"wp","href":"https:\/\/api.w.org\/{rel}","templated":true}]}}