{"id":5234,"date":"2014-05-07T16:45:19","date_gmt":"2014-05-07T15:45:19","guid":{"rendered":"https:\/\/preprod.a-nse.com\/the-management-team\/"},"modified":"2023-10-26T16:27:26","modified_gmt":"2023-10-26T15:27:26","slug":"the-management-team","status":"publish","type":"page","link":"https:\/\/www.a-nse.com\/fr\/the-management-team\/","title":{"rendered":"L\u2019\u00e9quipe dirigeante"},"content":{"rendered":"<div id='av_section_1'  class='avia-section av-lnt174dx-744a791caa87d8c820b7c3d80c3921ae main_color avia-section-default avia-no-border-styling  avia-builder-el-0  avia-builder-el-no-sibling  avia-bg-style-scroll av-minimum-height av-minimum-height-100 av-height-100  container_wrap fullsize'   data-av_minimum_height_pc='100' data-av_min_height_opt='100'><div class='container av-section-cont-open' ><main  role=\"main\" itemprop=\"mainContentOfPage\"  class='template-page content  av-content-full alpha units'><div class='post-entry post-entry-type-page post-entry-5234'><div class='entry-content-wrapper clearfix'>\n\n<style type=\"text\/css\" data-created_by=\"avia_inline_auto\" id=\"style-css-av-lnt16l1v-095ef3dd5d996407784ad1a94e0fd604\">\n#top .av-special-heading.av-lnt16l1v-095ef3dd5d996407784ad1a94e0fd604{\npadding-bottom:30px;\ncolor:#0d4a75;\n}\nbody .av-special-heading.av-lnt16l1v-095ef3dd5d996407784ad1a94e0fd604 .av-special-heading-tag .heading-char{\nfont-size:25px;\n}\n.av-special-heading.av-lnt16l1v-095ef3dd5d996407784ad1a94e0fd604 .special-heading-inner-border{\nborder-color:#0d4a75;\n}\n.av-special-heading.av-lnt16l1v-095ef3dd5d996407784ad1a94e0fd604 .av-subheading{\nfont-size:15px;\n}\n<\/style>\n<div  class='av-special-heading av-lnt16l1v-095ef3dd5d996407784ad1a94e0fd604 av-special-heading-h2 custom-color-heading blockquote modern-quote modern-centered  avia-builder-el-1  el_before_av_one_third  avia-builder-el-first '><h2 class='av-special-heading-tag '  itemprop=\"headline\"  >L\u2019\u00e9quipe dirigeante<\/h2><div class=\"special-heading-border\"><div class=\"special-heading-inner-border\"><\/div><\/div><\/div>\n\n<style type=\"text\/css\" data-created_by=\"avia_inline_auto\" id=\"style-css-av-v8ilh-8211b3990c95a9d306910aa88c380335\">\n.flex_column.av-v8ilh-8211b3990c95a9d306910aa88c380335{\npadding:30px 30px 30px 30px;\nbackground-color:#ffffff;\n}\n<\/style>\n<div  class='flex_column av-v8ilh-8211b3990c95a9d306910aa88c380335 av_one_third  avia-builder-el-2  el_after_av_heading  el_before_av_one_third  first av-break-at-tablet flex_column_div  '     ><p>\n<style type=\"text\/css\" data-created_by=\"avia_inline_auto\" id=\"style-css-av-ru71p-c0a34f59a1ee4fe9952fd65fa078935b\">\n#top .hr.av-ru71p-c0a34f59a1ee4fe9952fd65fa078935b{\nmargin-top:0px;\nmargin-bottom:5px;\n}\n.hr.av-ru71p-c0a34f59a1ee4fe9952fd65fa078935b .hr-inner{\nwidth:100%;\nborder-color:#0d4a75;\n}\n<\/style>\n<div  class='hr av-ru71p-c0a34f59a1ee4fe9952fd65fa078935b hr-custom  avia-builder-el-3  el_before_av_heading  avia-builder-el-first  hr-center hr-icon-no'><span class='hr-inner inner-border-av-border-thin'><span class=\"hr-inner-style\"><\/span><\/span><\/div><br \/>\n\n<style type=\"text\/css\" data-created_by=\"avia_inline_auto\" id=\"style-css-av-lnuh60oq-f14eb4fecf9223ba8225bcb0d3284aea\">\n#top .av-special-heading.av-lnuh60oq-f14eb4fecf9223ba8225bcb0d3284aea{\npadding-bottom:10px;\n}\nbody .av-special-heading.av-lnuh60oq-f14eb4fecf9223ba8225bcb0d3284aea .av-special-heading-tag .heading-char{\nfont-size:25px;\n}\n.av-special-heading.av-lnuh60oq-f14eb4fecf9223ba8225bcb0d3284aea .av-subheading{\nfont-size:15px;\n}\n<\/style>\n<div  class='av-special-heading av-lnuh60oq-f14eb4fecf9223ba8225bcb0d3284aea av-special-heading-h4 blockquote modern-quote  avia-builder-el-4  el_after_av_hr  el_before_av_textblock '><h4 class='av-special-heading-tag '  itemprop=\"headline\"  >BAPTISTE REGAS<\/h4><div class=\"special-heading-border\"><div class=\"special-heading-inner-border\"><\/div><\/div><\/div><br \/>\n<section  class='av_textblock_section av-pmukd-633a0262dbc034d8e97ec9348c0144c8 '   itemscope=\"itemscope\" itemtype=\"https:\/\/schema.org\/CreativeWork\" ><div class='avia_textblock'  itemprop=\"text\" ><p><strong>Pr\u00e9sident<\/strong><br \/>\nDipl\u00f4m\u00e9 d\u2019HEC et des Arts et M\u00e9tiers, ancien consultant chez Deloitte, Baptiste Regas a travaill\u00e9 au sein de la direction financi\u00e8re du groupe L\u2019Or\u00e9al. Baptiste est pilote d\u2019avion et de dirigeable.<\/p>\n<\/div><\/section><\/p><\/div>\n<style type=\"text\/css\" data-created_by=\"avia_inline_auto\" id=\"style-css-av-jzw8l-8f8a04f1b6ce1739d76ac0868ab1d4c6\">\n.flex_column.av-jzw8l-8f8a04f1b6ce1739d76ac0868ab1d4c6{\npadding:30px 30px 30px 30px;\nbackground-color:#ffffff;\n}\n<\/style>\n<div  class='flex_column av-jzw8l-8f8a04f1b6ce1739d76ac0868ab1d4c6 av_one_third  avia-builder-el-6  el_after_av_one_third  el_before_av_one_third  av-break-at-tablet flex_column_div  '     ><p>\n<style type=\"text\/css\" data-created_by=\"avia_inline_auto\" id=\"style-css-av-daxut-65e8c3feb6a660af41a82fa7d97b00c5\">\n#top .hr.av-daxut-65e8c3feb6a660af41a82fa7d97b00c5{\nmargin-top:0px;\nmargin-bottom:5px;\n}\n.hr.av-daxut-65e8c3feb6a660af41a82fa7d97b00c5 .hr-inner{\nwidth:100%;\nborder-color:#0d4a75;\n}\n<\/style>\n<div  class='hr av-daxut-65e8c3feb6a660af41a82fa7d97b00c5 hr-custom  avia-builder-el-7  el_before_av_heading  avia-builder-el-first  hr-center hr-icon-no'><span class='hr-inner inner-border-av-border-thin'><span class=\"hr-inner-style\"><\/span><\/span><\/div><br \/>\n\n<style type=\"text\/css\" data-created_by=\"avia_inline_auto\" id=\"style-css-av-av_heading-8a428eb0b51f86fd5699ca547a587883\">\n#top .av-special-heading.av-av_heading-8a428eb0b51f86fd5699ca547a587883{\npadding-bottom:10px;\n}\nbody .av-special-heading.av-av_heading-8a428eb0b51f86fd5699ca547a587883 .av-special-heading-tag .heading-char{\nfont-size:25px;\n}\n.av-special-heading.av-av_heading-8a428eb0b51f86fd5699ca547a587883 .av-subheading{\nfont-size:15px;\n}\n<\/style>\n<div  class='av-special-heading av-av_heading-8a428eb0b51f86fd5699ca547a587883 av-special-heading-h4 blockquote modern-quote  avia-builder-el-8  el_after_av_hr  el_before_av_textblock '><h4 class='av-special-heading-tag '  itemprop=\"headline\"  >ADRIEN REGAS<\/h4><div class=\"special-heading-border\"><div class=\"special-heading-inner-border\"><\/div><\/div><\/div><br \/>\n<section  class='av_textblock_section av-bgotp-38b86213e22eb517686ca5cdff0e8d56 '   itemscope=\"itemscope\" itemtype=\"https:\/\/schema.org\/CreativeWork\" ><div class='avia_textblock'  itemprop=\"text\" ><p><strong>Directeur Technologies et Innovation<\/strong><br \/>\nIng\u00e9nieur dipl\u00f4m\u00e9 de l\u2019ENSAM sp\u00e9cialis\u00e9 en m\u00e9canique des fluides et machines tournantes. Dipl\u00f4m\u00e9 d\u2019un Mast\u00e8re HEC Audit conseil et \u00e9valuation, Adrien Regas a \u00e9t\u00e9 auditeur chez PwC dans le secteur industriel<\/p>\n<\/div><\/section><\/p><\/div>\n<style type=\"text\/css\" data-created_by=\"avia_inline_auto\" id=\"style-css-av-azewt-67fcba0b48b6e24c5cff325aff1eae1b\">\n.flex_column.av-azewt-67fcba0b48b6e24c5cff325aff1eae1b{\npadding:30px 30px 30px 30px;\nbackground-color:#ffffff;\n}\n<\/style>\n<div  class='flex_column av-azewt-67fcba0b48b6e24c5cff325aff1eae1b av_one_third  avia-builder-el-10  el_after_av_one_third  avia-builder-el-last  av-break-at-tablet flex_column_div  '     ><\/div>\n","protected":false},"excerpt":{"rendered":"","protected":false},"author":5,"featured_media":0,"parent":0,"menu_order":0,"comment_status":"closed","ping_status":"closed","template":"","meta":{"footnotes":""},"class_list":["post-5234","page","type-page","status-publish","hentry"],"yoast_head":"<!-- This site is optimized with the Yoast SEO plugin v27.4 - https:\/\/yoast.com\/product\/yoast-seo-wordpress\/ -->\n<title>L\u2019\u00e9quipe dirigeante - A-NSE<\/title>\n<meta name=\"robots\" content=\"index, follow, max-snippet:-1, max-image-preview:large, max-video-preview:-1\" \/>\n<link rel=\"canonical\" href=\"https:\/\/www.a-nse.com\/fr\/the-management-team\/\" \/>\n<meta property=\"og:locale\" content=\"fr_FR\" \/>\n<meta property=\"og:type\" content=\"article\" \/>\n<meta property=\"og:title\" content=\"L\u2019\u00e9quipe dirigeante - A-NSE\" \/>\n<meta property=\"og:url\" content=\"https:\/\/www.a-nse.com\/fr\/the-management-team\/\" \/>\n<meta property=\"og:site_name\" content=\"A-NSE\" \/>\n<meta property=\"article:modified_time\" content=\"2023-10-26T15:27:26+00:00\" \/>\n<meta name=\"twitter:card\" content=\"summary_large_image\" \/>\n<meta name=\"twitter:label1\" content=\"Dur\u00e9e de lecture estim\u00e9e\" \/>\n\t<meta name=\"twitter:data1\" content=\"13 minutes\" \/>\n<script type=\"application\/ld+json\" class=\"yoast-schema-graph\">{\"@context\":\"https:\\\/\\\/schema.org\",\"@graph\":[{\"@type\":\"WebPage\",\"@id\":\"https:\\\/\\\/www.a-nse.com\\\/fr\\\/the-management-team\\\/\",\"url\":\"https:\\\/\\\/www.a-nse.com\\\/fr\\\/the-management-team\\\/\",\"name\":\"L\u2019\u00e9quipe dirigeante - A-NSE\",\"isPartOf\":{\"@id\":\"https:\\\/\\\/www.a-nse.com\\\/fr\\\/#website\"},\"datePublished\":\"2014-05-07T15:45:19+00:00\",\"dateModified\":\"2023-10-26T15:27:26+00:00\",\"breadcrumb\":{\"@id\":\"https:\\\/\\\/www.a-nse.com\\\/fr\\\/the-management-team\\\/#breadcrumb\"},\"inLanguage\":\"fr-FR\",\"potentialAction\":[{\"@type\":\"ReadAction\",\"target\":[\"https:\\\/\\\/www.a-nse.com\\\/fr\\\/the-management-team\\\/\"]}]},{\"@type\":\"BreadcrumbList\",\"@id\":\"https:\\\/\\\/www.a-nse.com\\\/fr\\\/the-management-team\\\/#breadcrumb\",\"itemListElement\":[{\"@type\":\"ListItem\",\"position\":1,\"name\":\"Accueil\",\"item\":\"https:\\\/\\\/www.a-nse.com\\\/fr\\\/home-2023\\\/\"},{\"@type\":\"ListItem\",\"position\":2,\"name\":\"L\u2019\u00e9quipe dirigeante\"}]},{\"@type\":\"WebSite\",\"@id\":\"https:\\\/\\\/www.a-nse.com\\\/fr\\\/#website\",\"url\":\"https:\\\/\\\/www.a-nse.com\\\/fr\\\/\",\"name\":\"A-NSE\",\"description\":\"Aero-nautic services &amp; engineering\",\"publisher\":{\"@id\":\"https:\\\/\\\/www.a-nse.com\\\/fr\\\/#organization\"},\"potentialAction\":[{\"@type\":\"SearchAction\",\"target\":{\"@type\":\"EntryPoint\",\"urlTemplate\":\"https:\\\/\\\/www.a-nse.com\\\/fr\\\/?s={search_term_string}\"},\"query-input\":{\"@type\":\"PropertyValueSpecification\",\"valueRequired\":true,\"valueName\":\"search_term_string\"}}],\"inLanguage\":\"fr-FR\"},{\"@type\":\"Organization\",\"@id\":\"https:\\\/\\\/www.a-nse.com\\\/fr\\\/#organization\",\"name\":\"A-NSE\",\"url\":\"https:\\\/\\\/www.a-nse.com\\\/fr\\\/\",\"logo\":{\"@type\":\"ImageObject\",\"inLanguage\":\"fr-FR\",\"@id\":\"https:\\\/\\\/www.a-nse.com\\\/fr\\\/#\\\/schema\\\/logo\\\/image\\\/\",\"url\":\"https:\\\/\\\/www.a-nse.com\\\/wp-content\\\/uploads\\\/2023\\\/10\\\/logo-a-nse-2023-ok.png\",\"contentUrl\":\"https:\\\/\\\/www.a-nse.com\\\/wp-content\\\/uploads\\\/2023\\\/10\\\/logo-a-nse-2023-ok.png\",\"width\":666,\"height\":231,\"caption\":\"A-NSE\"},\"image\":{\"@id\":\"https:\\\/\\\/www.a-nse.com\\\/fr\\\/#\\\/schema\\\/logo\\\/image\\\/\"}}]}<\/script>\n<!-- \/ Yoast SEO plugin. -->","yoast_head_json":{"title":"L\u2019\u00e9quipe dirigeante - A-NSE","robots":{"index":"index","follow":"follow","max-snippet":"max-snippet:-1","max-image-preview":"max-image-preview:large","max-video-preview":"max-video-preview:-1"},"canonical":"https:\/\/www.a-nse.com\/fr\/the-management-team\/","og_locale":"fr_FR","og_type":"article","og_title":"L\u2019\u00e9quipe dirigeante - A-NSE","og_url":"https:\/\/www.a-nse.com\/fr\/the-management-team\/","og_site_name":"A-NSE","article_modified_time":"2023-10-26T15:27:26+00:00","twitter_card":"summary_large_image","twitter_misc":{"Dur\u00e9e de lecture estim\u00e9e":"13 minutes"},"schema":{"@context":"https:\/\/schema.org","@graph":[{"@type":"WebPage","@id":"https:\/\/www.a-nse.com\/fr\/the-management-team\/","url":"https:\/\/www.a-nse.com\/fr\/the-management-team\/","name":"L\u2019\u00e9quipe dirigeante - A-NSE","isPartOf":{"@id":"https:\/\/www.a-nse.com\/fr\/#website"},"datePublished":"2014-05-07T15:45:19+00:00","dateModified":"2023-10-26T15:27:26+00:00","breadcrumb":{"@id":"https:\/\/www.a-nse.com\/fr\/the-management-team\/#breadcrumb"},"inLanguage":"fr-FR","potentialAction":[{"@type":"ReadAction","target":["https:\/\/www.a-nse.com\/fr\/the-management-team\/"]}]},{"@type":"BreadcrumbList","@id":"https:\/\/www.a-nse.com\/fr\/the-management-team\/#breadcrumb","itemListElement":[{"@type":"ListItem","position":1,"name":"Accueil","item":"https:\/\/www.a-nse.com\/fr\/home-2023\/"},{"@type":"ListItem","position":2,"name":"L\u2019\u00e9quipe dirigeante"}]},{"@type":"WebSite","@id":"https:\/\/www.a-nse.com\/fr\/#website","url":"https:\/\/www.a-nse.com\/fr\/","name":"A-NSE","description":"Aero-nautic services &amp; engineering","publisher":{"@id":"https:\/\/www.a-nse.com\/fr\/#organization"},"potentialAction":[{"@type":"SearchAction","target":{"@type":"EntryPoint","urlTemplate":"https:\/\/www.a-nse.com\/fr\/?s={search_term_string}"},"query-input":{"@type":"PropertyValueSpecification","valueRequired":true,"valueName":"search_term_string"}}],"inLanguage":"fr-FR"},{"@type":"Organization","@id":"https:\/\/www.a-nse.com\/fr\/#organization","name":"A-NSE","url":"https:\/\/www.a-nse.com\/fr\/","logo":{"@type":"ImageObject","inLanguage":"fr-FR","@id":"https:\/\/www.a-nse.com\/fr\/#\/schema\/logo\/image\/","url":"https:\/\/www.a-nse.com\/wp-content\/uploads\/2023\/10\/logo-a-nse-2023-ok.png","contentUrl":"https:\/\/www.a-nse.com\/wp-content\/uploads\/2023\/10\/logo-a-nse-2023-ok.png","width":666,"height":231,"caption":"A-NSE"},"image":{"@id":"https:\/\/www.a-nse.com\/fr\/#\/schema\/logo\/image\/"}}]}},"_links":{"self":[{"href":"https:\/\/www.a-nse.com\/fr\/wp-json\/wp\/v2\/pages\/5234","targetHints":{"allow":["GET"]}}],"collection":[{"href":"https:\/\/www.a-nse.com\/fr\/wp-json\/wp\/v2\/pages"}],"about":[{"href":"https:\/\/www.a-nse.com\/fr\/wp-json\/wp\/v2\/types\/page"}],"author":[{"embeddable":true,"href":"https:\/\/www.a-nse.com\/fr\/wp-json\/wp\/v2\/users\/5"}],"replies":[{"embeddable":true,"href":"https:\/\/www.a-nse.com\/fr\/wp-json\/wp\/v2\/comments?post=5234"}],"version-history":[{"count":0,"href":"https:\/\/www.a-nse.com\/fr\/wp-json\/wp\/v2\/pages\/5234\/revisions"}],"wp:attachment":[{"href":"https:\/\/www.a-nse.com\/fr\/wp-json\/wp\/v2\/media?parent=5234"}],"curies":[{"name":"wp","href":"https:\/\/api.w.org\/{rel}","templated":true}]}}