{"id":5226,"date":"2014-05-09T12:12:49","date_gmt":"2014-05-09T11:12:49","guid":{"rendered":"https:\/\/preprod.a-nse.com\/innovation\/"},"modified":"2014-05-09T12:12:49","modified_gmt":"2014-05-09T11:12:49","slug":"innovation","status":"publish","type":"page","link":"https:\/\/www.a-nse.com\/fr\/innovation\/","title":{"rendered":"Innovation"},"content":{"rendered":"<div id='av_section_1'  class='avia-section av-av_section-85ec8c6a130931991c470b572582648c main_color avia-section-default avia-no-border-styling  avia-builder-el-0  avia-builder-el-no-sibling  avia-bg-style-scroll av-minimum-height av-minimum-height-50 av-height-50  container_wrap fullsize'   data-av_minimum_height_pc='50' data-av_min_height_opt='50'><div class='container av-section-cont-open' ><main  role=\"main\" itemprop=\"mainContentOfPage\"  class='template-page content  av-content-full alpha units'><div class='post-entry post-entry-type-page post-entry-5226'><div class='entry-content-wrapper clearfix'>\n\n<style type=\"text\/css\" data-created_by=\"avia_inline_auto\" id=\"style-css-av-lnx9opgj-99620992993217d57b7ff70205ab26bd\">\n#top .av-special-heading.av-lnx9opgj-99620992993217d57b7ff70205ab26bd{\npadding-bottom:10px;\n}\nbody .av-special-heading.av-lnx9opgj-99620992993217d57b7ff70205ab26bd .av-special-heading-tag .heading-char{\nfont-size:25px;\n}\n.av-special-heading.av-lnx9opgj-99620992993217d57b7ff70205ab26bd .av-subheading{\nfont-size:15px;\n}\n<\/style>\n<div  class='av-special-heading av-lnx9opgj-99620992993217d57b7ff70205ab26bd av-special-heading-h2 blockquote modern-quote  avia-builder-el-1  el_before_av_masonry_entries  avia-builder-el-no-sibling '><h2 class='av-special-heading-tag '  itemprop=\"headline\"  >Innovation<\/h2><div class=\"special-heading-border\"><div class=\"special-heading-inner-border\"><\/div><\/div><\/div>\n<div id='av-masonry-1' class='av-masonry av-lnx9p1x9-a125e27018b9bd9ed648240269d17f36 noHover av-fixed-size av-large-gap av-hover-overlay- av-masonry-animation-active av-masonry-col-4 av-caption-always av-caption-style- av-masonry-entries av-orientation-square ' data-post_id=\"5226\"><div class=\"av-masonry-container isotope av-js-disabled\"><div class='av-masonry-entry isotope-item av-masonry-item-no-image all_sort innovations_sort '><\/div><a href=\"https:\/\/www.a-nse.com\/fr\/product-item\/a-passive-softening-system\/\"  id='av-masonry-1-item-5302' data-av-masonry-item='5302' class='av-masonry-entry isotope-item post-5302 portfolio type-portfolio status-publish has-post-thumbnail hentry portfolio_entries-innovations all_sort innovations_sort  av-masonry-item-with-image' title=\"A-passive-softening-system\"   itemscope=\"itemscope\" itemtype=\"https:\/\/schema.org\/CreativeWork\" ><div class='av-inner-masonry-sizer'><\/div><figure class='av-inner-masonry main_color'><div class=\"av-masonry-outerimage-container\"><div class='av-masonry-image-container' style=\"background-image: url(https:\/\/www.a-nse.com\/wp-content\/uploads\/2014\/11\/A-passive-softening-system-705x348.jpg);\"  title=\"A-passive-softening-system\" ><\/div><\/div><figcaption class='av-inner-masonry-content site-background'><div class='av-inner-masonry-content-pos'><div class='av-inner-masonry-content-pos-content'><div class='avia-arrow'><\/div><h3 class='av-masonry-entry-title entry-title '  itemprop=\"headline\" >Un syst\u00e8me d\u2019amortissement passif<\/h3><\/div><\/div><\/figcaption><\/figure><\/a><!--end av-masonry entry--><a href=\"https:\/\/www.a-nse.com\/fr\/product-item\/research-development\/\"  id='av-masonry-1-item-5304' data-av-masonry-item='5304' class='av-masonry-entry isotope-item post-5304 portfolio type-portfolio status-publish has-post-thumbnail hentry portfolio_entries-innovations all_sort innovations_sort  av-masonry-item-with-image' title=\"Diapositive1-702&#215;526\"   itemscope=\"itemscope\" itemtype=\"https:\/\/schema.org\/CreativeWork\" ><div class='av-inner-masonry-sizer'><\/div><figure class='av-inner-masonry main_color'><div class=\"av-masonry-outerimage-container\"><div class='av-masonry-image-container' style=\"background-image: url(https:\/\/www.a-nse.com\/wp-content\/uploads\/2014\/05\/Diapositive1-702x526.jpg);\"  title=\"Diapositive1-702&#215;526\" ><\/div><\/div><figcaption class='av-inner-masonry-content site-background'><div class='av-inner-masonry-content-pos'><div class='av-inner-masonry-content-pos-content'><div class='avia-arrow'><\/div><h3 class='av-masonry-entry-title entry-title '  itemprop=\"headline\" >Recherche &#038; D\u00e9veloppement<\/h3><\/div><\/div><\/figcaption><\/figure><\/a><!--end av-masonry entry--><a href=\"https:\/\/www.a-nse.com\/fr\/product-item\/autonomous-landing-structure\/\"  id='av-masonry-1-item-5306' data-av-masonry-item='5306' class='av-masonry-entry isotope-item post-5306 portfolio type-portfolio status-publish has-post-thumbnail hentry portfolio_entries-innovations all_sort innovations_sort  av-masonry-item-with-image' title=\"Diapositive16-702&#215;526\"   itemscope=\"itemscope\" itemtype=\"https:\/\/schema.org\/CreativeWork\" ><div class='av-inner-masonry-sizer'><\/div><figure class='av-inner-masonry main_color'><div class=\"av-masonry-outerimage-container\"><div class='av-masonry-image-container' style=\"background-image: url(https:\/\/www.a-nse.com\/wp-content\/uploads\/2014\/05\/Diapositive16-702x526.jpg);\"  title=\"Diapositive16-702&#215;526\" ><\/div><\/div><figcaption class='av-inner-masonry-content site-background'><div class='av-inner-masonry-content-pos'><div class='av-inner-masonry-content-pos-content'><div class='avia-arrow'><\/div><h3 class='av-masonry-entry-title entry-title '  itemprop=\"headline\" >Une structure de stationnement autonome<\/h3><\/div><\/div><\/figcaption><\/figure><\/a><!--end av-masonry entry--><a href=\"https:\/\/www.a-nse.com\/fr\/product-item\/envelope-variable-shape-volume\/\"  id='av-masonry-1-item-5308' data-av-masonry-item='5308' class='av-masonry-entry isotope-item post-5308 portfolio type-portfolio status-publish has-post-thumbnail hentry portfolio_entries-innovations all_sort innovations_sort  av-masonry-item-with-image' title=\"Diapositive14-702&#215;526\"   itemscope=\"itemscope\" itemtype=\"https:\/\/schema.org\/CreativeWork\" ><div class='av-inner-masonry-sizer'><\/div><figure class='av-inner-masonry main_color'><div class=\"av-masonry-outerimage-container\"><div class='av-masonry-image-container' style=\"background-image: url(https:\/\/www.a-nse.com\/wp-content\/uploads\/2014\/05\/Diapositive14-702x526.jpg);\"  title=\"Diapositive14-702&#215;526\" ><\/div><\/div><figcaption class='av-inner-masonry-content site-background'><div class='av-inner-masonry-content-pos'><div class='av-inner-masonry-content-pos-content'><div class='avia-arrow'><\/div><h3 class='av-masonry-entry-title entry-title '  itemprop=\"headline\" >Une enveloppe \u00e0 g\u00e9om\u00e9trie variable et volume variable<\/h3><\/div><\/div><\/figcaption><\/figure><\/a><!--end av-masonry entry--><\/div><\/div>\n\n","protected":false},"excerpt":{"rendered":"","protected":false},"author":5,"featured_media":0,"parent":0,"menu_order":0,"comment_status":"closed","ping_status":"closed","template":"","meta":{"footnotes":""},"class_list":["post-5226","page","type-page","status-publish","hentry"],"yoast_head":"<!-- This site is optimized with the Yoast SEO plugin v27.4 - https:\/\/yoast.com\/product\/yoast-seo-wordpress\/ -->\n<title>Innovation - A-NSE<\/title>\n<meta name=\"robots\" content=\"index, follow, max-snippet:-1, max-image-preview:large, max-video-preview:-1\" \/>\n<link rel=\"canonical\" href=\"https:\/\/www.a-nse.com\/fr\/innovation\/\" \/>\n<meta property=\"og:locale\" content=\"fr_FR\" \/>\n<meta property=\"og:type\" content=\"article\" \/>\n<meta property=\"og:title\" content=\"Innovation - A-NSE\" \/>\n<meta property=\"og:url\" content=\"https:\/\/www.a-nse.com\/fr\/innovation\/\" \/>\n<meta property=\"og:site_name\" content=\"A-NSE\" \/>\n<meta name=\"twitter:card\" content=\"summary_large_image\" \/>\n<meta name=\"twitter:label1\" content=\"Dur\u00e9e de lecture estim\u00e9e\" \/>\n\t<meta name=\"twitter:data1\" content=\"3 minutes\" \/>\n<script type=\"application\/ld+json\" class=\"yoast-schema-graph\">{\"@context\":\"https:\\\/\\\/schema.org\",\"@graph\":[{\"@type\":\"WebPage\",\"@id\":\"https:\\\/\\\/www.a-nse.com\\\/fr\\\/innovation\\\/\",\"url\":\"https:\\\/\\\/www.a-nse.com\\\/fr\\\/innovation\\\/\",\"name\":\"Innovation - A-NSE\",\"isPartOf\":{\"@id\":\"https:\\\/\\\/www.a-nse.com\\\/fr\\\/#website\"},\"datePublished\":\"2014-05-09T11:12:49+00:00\",\"breadcrumb\":{\"@id\":\"https:\\\/\\\/www.a-nse.com\\\/fr\\\/innovation\\\/#breadcrumb\"},\"inLanguage\":\"fr-FR\",\"potentialAction\":[{\"@type\":\"ReadAction\",\"target\":[\"https:\\\/\\\/www.a-nse.com\\\/fr\\\/innovation\\\/\"]}]},{\"@type\":\"BreadcrumbList\",\"@id\":\"https:\\\/\\\/www.a-nse.com\\\/fr\\\/innovation\\\/#breadcrumb\",\"itemListElement\":[{\"@type\":\"ListItem\",\"position\":1,\"name\":\"Accueil\",\"item\":\"https:\\\/\\\/www.a-nse.com\\\/fr\\\/home-2023\\\/\"},{\"@type\":\"ListItem\",\"position\":2,\"name\":\"Innovation\"}]},{\"@type\":\"WebSite\",\"@id\":\"https:\\\/\\\/www.a-nse.com\\\/fr\\\/#website\",\"url\":\"https:\\\/\\\/www.a-nse.com\\\/fr\\\/\",\"name\":\"A-NSE\",\"description\":\"Aero-nautic services &amp; engineering\",\"publisher\":{\"@id\":\"https:\\\/\\\/www.a-nse.com\\\/fr\\\/#organization\"},\"potentialAction\":[{\"@type\":\"SearchAction\",\"target\":{\"@type\":\"EntryPoint\",\"urlTemplate\":\"https:\\\/\\\/www.a-nse.com\\\/fr\\\/?s={search_term_string}\"},\"query-input\":{\"@type\":\"PropertyValueSpecification\",\"valueRequired\":true,\"valueName\":\"search_term_string\"}}],\"inLanguage\":\"fr-FR\"},{\"@type\":\"Organization\",\"@id\":\"https:\\\/\\\/www.a-nse.com\\\/fr\\\/#organization\",\"name\":\"A-NSE\",\"url\":\"https:\\\/\\\/www.a-nse.com\\\/fr\\\/\",\"logo\":{\"@type\":\"ImageObject\",\"inLanguage\":\"fr-FR\",\"@id\":\"https:\\\/\\\/www.a-nse.com\\\/fr\\\/#\\\/schema\\\/logo\\\/image\\\/\",\"url\":\"https:\\\/\\\/www.a-nse.com\\\/wp-content\\\/uploads\\\/2023\\\/10\\\/logo-a-nse-2023-ok.png\",\"contentUrl\":\"https:\\\/\\\/www.a-nse.com\\\/wp-content\\\/uploads\\\/2023\\\/10\\\/logo-a-nse-2023-ok.png\",\"width\":666,\"height\":231,\"caption\":\"A-NSE\"},\"image\":{\"@id\":\"https:\\\/\\\/www.a-nse.com\\\/fr\\\/#\\\/schema\\\/logo\\\/image\\\/\"}}]}<\/script>\n<!-- \/ Yoast SEO plugin. -->","yoast_head_json":{"title":"Innovation - A-NSE","robots":{"index":"index","follow":"follow","max-snippet":"max-snippet:-1","max-image-preview":"max-image-preview:large","max-video-preview":"max-video-preview:-1"},"canonical":"https:\/\/www.a-nse.com\/fr\/innovation\/","og_locale":"fr_FR","og_type":"article","og_title":"Innovation - A-NSE","og_url":"https:\/\/www.a-nse.com\/fr\/innovation\/","og_site_name":"A-NSE","twitter_card":"summary_large_image","twitter_misc":{"Dur\u00e9e de lecture estim\u00e9e":"3 minutes"},"schema":{"@context":"https:\/\/schema.org","@graph":[{"@type":"WebPage","@id":"https:\/\/www.a-nse.com\/fr\/innovation\/","url":"https:\/\/www.a-nse.com\/fr\/innovation\/","name":"Innovation - A-NSE","isPartOf":{"@id":"https:\/\/www.a-nse.com\/fr\/#website"},"datePublished":"2014-05-09T11:12:49+00:00","breadcrumb":{"@id":"https:\/\/www.a-nse.com\/fr\/innovation\/#breadcrumb"},"inLanguage":"fr-FR","potentialAction":[{"@type":"ReadAction","target":["https:\/\/www.a-nse.com\/fr\/innovation\/"]}]},{"@type":"BreadcrumbList","@id":"https:\/\/www.a-nse.com\/fr\/innovation\/#breadcrumb","itemListElement":[{"@type":"ListItem","position":1,"name":"Accueil","item":"https:\/\/www.a-nse.com\/fr\/home-2023\/"},{"@type":"ListItem","position":2,"name":"Innovation"}]},{"@type":"WebSite","@id":"https:\/\/www.a-nse.com\/fr\/#website","url":"https:\/\/www.a-nse.com\/fr\/","name":"A-NSE","description":"Aero-nautic services &amp; engineering","publisher":{"@id":"https:\/\/www.a-nse.com\/fr\/#organization"},"potentialAction":[{"@type":"SearchAction","target":{"@type":"EntryPoint","urlTemplate":"https:\/\/www.a-nse.com\/fr\/?s={search_term_string}"},"query-input":{"@type":"PropertyValueSpecification","valueRequired":true,"valueName":"search_term_string"}}],"inLanguage":"fr-FR"},{"@type":"Organization","@id":"https:\/\/www.a-nse.com\/fr\/#organization","name":"A-NSE","url":"https:\/\/www.a-nse.com\/fr\/","logo":{"@type":"ImageObject","inLanguage":"fr-FR","@id":"https:\/\/www.a-nse.com\/fr\/#\/schema\/logo\/image\/","url":"https:\/\/www.a-nse.com\/wp-content\/uploads\/2023\/10\/logo-a-nse-2023-ok.png","contentUrl":"https:\/\/www.a-nse.com\/wp-content\/uploads\/2023\/10\/logo-a-nse-2023-ok.png","width":666,"height":231,"caption":"A-NSE"},"image":{"@id":"https:\/\/www.a-nse.com\/fr\/#\/schema\/logo\/image\/"}}]}},"_links":{"self":[{"href":"https:\/\/www.a-nse.com\/fr\/wp-json\/wp\/v2\/pages\/5226","targetHints":{"allow":["GET"]}}],"collection":[{"href":"https:\/\/www.a-nse.com\/fr\/wp-json\/wp\/v2\/pages"}],"about":[{"href":"https:\/\/www.a-nse.com\/fr\/wp-json\/wp\/v2\/types\/page"}],"author":[{"embeddable":true,"href":"https:\/\/www.a-nse.com\/fr\/wp-json\/wp\/v2\/users\/5"}],"replies":[{"embeddable":true,"href":"https:\/\/www.a-nse.com\/fr\/wp-json\/wp\/v2\/comments?post=5226"}],"version-history":[{"count":0,"href":"https:\/\/www.a-nse.com\/fr\/wp-json\/wp\/v2\/pages\/5226\/revisions"}],"wp:attachment":[{"href":"https:\/\/www.a-nse.com\/fr\/wp-json\/wp\/v2\/media?parent=5226"}],"curies":[{"name":"wp","href":"https:\/\/api.w.org\/{rel}","templated":true}]}}