{"id":5225,"date":"2014-05-09T12:28:49","date_gmt":"2014-05-09T11:28:49","guid":{"rendered":"https:\/\/preprod.a-nse.com\/legal-information\/"},"modified":"2023-10-26T18:06:54","modified_gmt":"2023-10-26T17:06:54","slug":"legal-information","status":"publish","type":"page","link":"https:\/\/www.a-nse.com\/fr\/legal-information\/","title":{"rendered":"Mentions L\u00e9gales"},"content":{"rendered":"<p><strong>Propri\u00e9t\u00e9 intellectuelle<\/strong><\/p>\n<p>La structure g\u00e9n\u00e9rale du site (Images, graphismes, sons, documents t\u00e9l\u00e9chargeables, bases de donn\u00e9es, textes etc\u2026) est la propri\u00e9t\u00e9 exclusive de la soci\u00e9t\u00e9 A-NSE. Les marques, les enseignes, et les noms cit\u00e9s sur le site sont la propri\u00e9t\u00e9 de leurs d\u00e9posants respectifs. Le site www.a-nse.com rel\u00e8ve de la l\u00e9gislation fran\u00e7aise et internationale sur les droits d\u2019auteur et de la propri\u00e9t\u00e9 intellectuelle.\u00a0 Toute utilisation ou reproduction, totale ou partielle du site, des \u00e9l\u00e9ments qui le composent et des informations qui y sont appos\u00e9es sans l\u2019autorisation de l\u2019ayant droit de ses \u00e9l\u00e9ments, sera poursuivi dans le cadre d\u2019une action en contrefa\u00e7on ou en tant que concurrence d\u00e9loyale.<\/p>\n<p><strong>Liens<\/strong><\/p>\n<p>A-NSE\u00a0autorise \u00e0 ce qu\u2019un lien sur un site Internet soit \u00e9tabli vers l\u2019adresse de la page d\u2019accueil : http:\/\/www.a-nse.com sous r\u00e9serve des dispositions l\u00e9gales en vigueur. Tout lien vers le site doit faire l\u2019objet d\u2019une information pr\u00e9alable \u00e0\u00a0A-NSE qui se r\u00e9serve toujours le droit d\u2019interdire ce lien, sans pr\u00e9avis et sans avoir \u00e0 motiver sa d\u00e9cision.<br \/>\nA-NSE\u00a0 peut vous proposer des liens vers d\u2019autres sites Internet. Vous pouvez y acc\u00e9dez librement mais ceci \u00e9tant fait vous quitterez le champ d\u2019application des pr\u00e9sentes conditions g\u00e9n\u00e9rales. La responsabilit\u00e9 de\u00a0A-NSE\u00a0 ne pourra pas \u00eatre engag\u00e9e en rapport avec le contenu et le fonctionnement de ces sites.<\/p>\n<p>&nbsp;<\/p>\n<p><strong>Dysfonctionnements<\/strong><\/p>\n<p>Le site\u00a0www.a-nse.com est optimis\u00e9 de mani\u00e8re \u00e0 pr\u00e9senter les meilleurs r\u00e9sultats quel que soit le navigateur utilis\u00e9.\u00a0A-NSE ne pourra \u00eatre tenu pour responsable de tout dysfonctionnement ou dommages caus\u00e9s au syst\u00e8me informatique du visiteur \u00e0 la suite d\u2019une visite\u00a0 sur le site ou cons\u00e9cutifs au piratage de son site ou bien \u00e0 des virus transport\u00e9s \u00e0 son insu et \u00e0 l\u2019insu de ses partenaires techniques.<\/p>\n<p>&nbsp;<\/p>\n<p><strong>Droit d\u2019acc\u00e8s et de rectification<\/strong><\/p>\n<p>Conform\u00e9ment \u00e0 la loi 78-17 relative \u00e0 l\u2019informatique, aux fichiers et aux libert\u00e9s du 6 janvier 1978 \u2013 article 34, les personnes \u00e0 propos desquelles des donn\u00e9es personnelles sont collect\u00e9es b\u00e9n\u00e9ficient d\u2019un droit d\u2019acc\u00e8s, de modification, de rectification et de suppression de ces donn\u00e9es. Ce droit peut \u00eatre exerc\u00e9 en s\u2019adressant directement \u00e0 A-NSE.<br \/>\nPour tout contact \u00e0 propos du site <a href=\"mailto:contact@a-nse.com\">contact@a-nse.com<\/a><\/p>\n","protected":false},"excerpt":{"rendered":"<p>Propri\u00e9t\u00e9 intellectuelle La structure g\u00e9n\u00e9rale du site (Images, graphismes, sons, documents t\u00e9l\u00e9chargeables, bases de donn\u00e9es, textes etc\u2026) est la propri\u00e9t\u00e9 exclusive de la soci\u00e9t\u00e9 A-NSE. Les marques, les enseignes, et les noms cit\u00e9s sur le site sont la propri\u00e9t\u00e9 de leurs d\u00e9posants respectifs. Le site www.a-nse.com rel\u00e8ve de la l\u00e9gislation fran\u00e7aise et internationale sur les [&hellip;]<\/p>\n","protected":false},"author":5,"featured_media":0,"parent":0,"menu_order":0,"comment_status":"closed","ping_status":"closed","template":"","meta":{"footnotes":""},"class_list":["post-5225","page","type-page","status-publish","hentry"],"yoast_head":"<!-- This site is optimized with the Yoast SEO plugin v27.4 - https:\/\/yoast.com\/product\/yoast-seo-wordpress\/ -->\n<title>Mentions L\u00e9gales - A-NSE<\/title>\n<meta name=\"robots\" content=\"index, follow, max-snippet:-1, max-image-preview:large, max-video-preview:-1\" \/>\n<link rel=\"canonical\" href=\"https:\/\/www.a-nse.com\/fr\/legal-information\/\" \/>\n<meta property=\"og:locale\" content=\"fr_FR\" \/>\n<meta property=\"og:type\" content=\"article\" \/>\n<meta property=\"og:title\" content=\"Mentions L\u00e9gales - A-NSE\" \/>\n<meta property=\"og:description\" content=\"Propri\u00e9t\u00e9 intellectuelle La structure g\u00e9n\u00e9rale du site (Images, graphismes, sons, documents t\u00e9l\u00e9chargeables, bases de donn\u00e9es, textes etc\u2026) est la propri\u00e9t\u00e9 exclusive de la soci\u00e9t\u00e9 A-NSE. Les marques, les enseignes, et les noms cit\u00e9s sur le site sont la propri\u00e9t\u00e9 de leurs d\u00e9posants respectifs. Le site www.a-nse.com rel\u00e8ve de la l\u00e9gislation fran\u00e7aise et internationale sur les [&hellip;]\" \/>\n<meta property=\"og:url\" content=\"https:\/\/www.a-nse.com\/fr\/legal-information\/\" \/>\n<meta property=\"og:site_name\" content=\"A-NSE\" \/>\n<meta property=\"article:modified_time\" content=\"2023-10-26T17:06:54+00:00\" \/>\n<meta name=\"twitter:card\" content=\"summary_large_image\" \/>\n<meta name=\"twitter:label1\" content=\"Dur\u00e9e de lecture estim\u00e9e\" \/>\n\t<meta name=\"twitter:data1\" content=\"2 minutes\" \/>\n<script type=\"application\/ld+json\" class=\"yoast-schema-graph\">{\"@context\":\"https:\\\/\\\/schema.org\",\"@graph\":[{\"@type\":\"WebPage\",\"@id\":\"https:\\\/\\\/www.a-nse.com\\\/fr\\\/legal-information\\\/\",\"url\":\"https:\\\/\\\/www.a-nse.com\\\/fr\\\/legal-information\\\/\",\"name\":\"Mentions L\u00e9gales - A-NSE\",\"isPartOf\":{\"@id\":\"https:\\\/\\\/www.a-nse.com\\\/fr\\\/#website\"},\"datePublished\":\"2014-05-09T11:28:49+00:00\",\"dateModified\":\"2023-10-26T17:06:54+00:00\",\"breadcrumb\":{\"@id\":\"https:\\\/\\\/www.a-nse.com\\\/fr\\\/legal-information\\\/#breadcrumb\"},\"inLanguage\":\"fr-FR\",\"potentialAction\":[{\"@type\":\"ReadAction\",\"target\":[\"https:\\\/\\\/www.a-nse.com\\\/fr\\\/legal-information\\\/\"]}]},{\"@type\":\"BreadcrumbList\",\"@id\":\"https:\\\/\\\/www.a-nse.com\\\/fr\\\/legal-information\\\/#breadcrumb\",\"itemListElement\":[{\"@type\":\"ListItem\",\"position\":1,\"name\":\"Accueil\",\"item\":\"https:\\\/\\\/www.a-nse.com\\\/fr\\\/home-2023\\\/\"},{\"@type\":\"ListItem\",\"position\":2,\"name\":\"Mentions L\u00e9gales\"}]},{\"@type\":\"WebSite\",\"@id\":\"https:\\\/\\\/www.a-nse.com\\\/fr\\\/#website\",\"url\":\"https:\\\/\\\/www.a-nse.com\\\/fr\\\/\",\"name\":\"A-NSE\",\"description\":\"Aero-nautic services &amp; engineering\",\"publisher\":{\"@id\":\"https:\\\/\\\/www.a-nse.com\\\/fr\\\/#organization\"},\"potentialAction\":[{\"@type\":\"SearchAction\",\"target\":{\"@type\":\"EntryPoint\",\"urlTemplate\":\"https:\\\/\\\/www.a-nse.com\\\/fr\\\/?s={search_term_string}\"},\"query-input\":{\"@type\":\"PropertyValueSpecification\",\"valueRequired\":true,\"valueName\":\"search_term_string\"}}],\"inLanguage\":\"fr-FR\"},{\"@type\":\"Organization\",\"@id\":\"https:\\\/\\\/www.a-nse.com\\\/fr\\\/#organization\",\"name\":\"A-NSE\",\"url\":\"https:\\\/\\\/www.a-nse.com\\\/fr\\\/\",\"logo\":{\"@type\":\"ImageObject\",\"inLanguage\":\"fr-FR\",\"@id\":\"https:\\\/\\\/www.a-nse.com\\\/fr\\\/#\\\/schema\\\/logo\\\/image\\\/\",\"url\":\"https:\\\/\\\/www.a-nse.com\\\/wp-content\\\/uploads\\\/2023\\\/10\\\/logo-a-nse-2023-ok.png\",\"contentUrl\":\"https:\\\/\\\/www.a-nse.com\\\/wp-content\\\/uploads\\\/2023\\\/10\\\/logo-a-nse-2023-ok.png\",\"width\":666,\"height\":231,\"caption\":\"A-NSE\"},\"image\":{\"@id\":\"https:\\\/\\\/www.a-nse.com\\\/fr\\\/#\\\/schema\\\/logo\\\/image\\\/\"}}]}<\/script>\n<!-- \/ Yoast SEO plugin. -->","yoast_head_json":{"title":"Mentions L\u00e9gales - A-NSE","robots":{"index":"index","follow":"follow","max-snippet":"max-snippet:-1","max-image-preview":"max-image-preview:large","max-video-preview":"max-video-preview:-1"},"canonical":"https:\/\/www.a-nse.com\/fr\/legal-information\/","og_locale":"fr_FR","og_type":"article","og_title":"Mentions L\u00e9gales - A-NSE","og_description":"Propri\u00e9t\u00e9 intellectuelle La structure g\u00e9n\u00e9rale du site (Images, graphismes, sons, documents t\u00e9l\u00e9chargeables, bases de donn\u00e9es, textes etc\u2026) est la propri\u00e9t\u00e9 exclusive de la soci\u00e9t\u00e9 A-NSE. Les marques, les enseignes, et les noms cit\u00e9s sur le site sont la propri\u00e9t\u00e9 de leurs d\u00e9posants respectifs. Le site www.a-nse.com rel\u00e8ve de la l\u00e9gislation fran\u00e7aise et internationale sur les [&hellip;]","og_url":"https:\/\/www.a-nse.com\/fr\/legal-information\/","og_site_name":"A-NSE","article_modified_time":"2023-10-26T17:06:54+00:00","twitter_card":"summary_large_image","twitter_misc":{"Dur\u00e9e de lecture estim\u00e9e":"2 minutes"},"schema":{"@context":"https:\/\/schema.org","@graph":[{"@type":"WebPage","@id":"https:\/\/www.a-nse.com\/fr\/legal-information\/","url":"https:\/\/www.a-nse.com\/fr\/legal-information\/","name":"Mentions L\u00e9gales - A-NSE","isPartOf":{"@id":"https:\/\/www.a-nse.com\/fr\/#website"},"datePublished":"2014-05-09T11:28:49+00:00","dateModified":"2023-10-26T17:06:54+00:00","breadcrumb":{"@id":"https:\/\/www.a-nse.com\/fr\/legal-information\/#breadcrumb"},"inLanguage":"fr-FR","potentialAction":[{"@type":"ReadAction","target":["https:\/\/www.a-nse.com\/fr\/legal-information\/"]}]},{"@type":"BreadcrumbList","@id":"https:\/\/www.a-nse.com\/fr\/legal-information\/#breadcrumb","itemListElement":[{"@type":"ListItem","position":1,"name":"Accueil","item":"https:\/\/www.a-nse.com\/fr\/home-2023\/"},{"@type":"ListItem","position":2,"name":"Mentions L\u00e9gales"}]},{"@type":"WebSite","@id":"https:\/\/www.a-nse.com\/fr\/#website","url":"https:\/\/www.a-nse.com\/fr\/","name":"A-NSE","description":"Aero-nautic services &amp; engineering","publisher":{"@id":"https:\/\/www.a-nse.com\/fr\/#organization"},"potentialAction":[{"@type":"SearchAction","target":{"@type":"EntryPoint","urlTemplate":"https:\/\/www.a-nse.com\/fr\/?s={search_term_string}"},"query-input":{"@type":"PropertyValueSpecification","valueRequired":true,"valueName":"search_term_string"}}],"inLanguage":"fr-FR"},{"@type":"Organization","@id":"https:\/\/www.a-nse.com\/fr\/#organization","name":"A-NSE","url":"https:\/\/www.a-nse.com\/fr\/","logo":{"@type":"ImageObject","inLanguage":"fr-FR","@id":"https:\/\/www.a-nse.com\/fr\/#\/schema\/logo\/image\/","url":"https:\/\/www.a-nse.com\/wp-content\/uploads\/2023\/10\/logo-a-nse-2023-ok.png","contentUrl":"https:\/\/www.a-nse.com\/wp-content\/uploads\/2023\/10\/logo-a-nse-2023-ok.png","width":666,"height":231,"caption":"A-NSE"},"image":{"@id":"https:\/\/www.a-nse.com\/fr\/#\/schema\/logo\/image\/"}}]}},"_links":{"self":[{"href":"https:\/\/www.a-nse.com\/fr\/wp-json\/wp\/v2\/pages\/5225","targetHints":{"allow":["GET"]}}],"collection":[{"href":"https:\/\/www.a-nse.com\/fr\/wp-json\/wp\/v2\/pages"}],"about":[{"href":"https:\/\/www.a-nse.com\/fr\/wp-json\/wp\/v2\/types\/page"}],"author":[{"embeddable":true,"href":"https:\/\/www.a-nse.com\/fr\/wp-json\/wp\/v2\/users\/5"}],"replies":[{"embeddable":true,"href":"https:\/\/www.a-nse.com\/fr\/wp-json\/wp\/v2\/comments?post=5225"}],"version-history":[{"count":0,"href":"https:\/\/www.a-nse.com\/fr\/wp-json\/wp\/v2\/pages\/5225\/revisions"}],"wp:attachment":[{"href":"https:\/\/www.a-nse.com\/fr\/wp-json\/wp\/v2\/media?parent=5225"}],"curies":[{"name":"wp","href":"https:\/\/api.w.org\/{rel}","templated":true}]}}