{"id":5202,"date":"2023-10-16T18:23:33","date_gmt":"2023-10-16T17:23:33","guid":{"rendered":"https:\/\/preprod.a-nse.com\/advanced-air-mobility\/"},"modified":"2025-05-06T17:36:00","modified_gmt":"2025-05-06T16:36:00","slug":"advanced-air-mobility","status":"publish","type":"page","link":"https:\/\/www.a-nse.com\/fr\/missions\/advanced-air-mobility\/","title":{"rendered":"Mobilit\u00e9 a\u00e9rienne avanc\u00e9e"},"content":{"rendered":"\n<style type=\"text\/css\" data-created_by=\"avia_inline_auto\" id=\"style-css-av-lnubodt0-d65682fd14f45f071ef68e5c091dadb3\">\n.avia-section.av-lnubodt0-d65682fd14f45f071ef68e5c091dadb3{\nbackground-repeat:no-repeat;\nbackground-image:url(https:\/\/www.a-nse.com\/wp-content\/uploads\/2023\/10\/advanced-air-mobility-636688322.jpg);\nbackground-position:50% 50%;\nbackground-attachment:scroll;\n}\n.avia-section.av-lnubodt0-d65682fd14f45f071ef68e5c091dadb3 .av-section-color-overlay{\nopacity:0.3;\nbackground-color:#0d4a75;\n}\n<\/style>\n<div id='av_section_1'  class='avia-section av-lnubodt0-d65682fd14f45f071ef68e5c091dadb3 alternate_color avia-section-default avia-no-border-styling  avia-builder-el-0  el_before_av_section  avia-builder-el-first  avia-full-stretch avia-bg-style-scroll av-section-color-overlay-active av-minimum-height av-minimum-height-50 av-height-50  container_wrap fullsize'  data-section-bg-repeat='stretch' data-av_minimum_height_pc='50' data-av_min_height_opt='50'><div class=\"av-section-color-overlay-wrap\"><div class=\"av-section-color-overlay\"><\/div><div class='container av-section-cont-open' ><main  role=\"main\" itemprop=\"mainContentOfPage\"  class='template-page content  av-content-full alpha units'><div class='post-entry post-entry-type-page post-entry-5202'><div class='entry-content-wrapper clearfix'>\n\n<style type=\"text\/css\" data-created_by=\"avia_inline_auto\" id=\"style-css-av-lnuboow6-715b915d76f264963d09d5fd17ad7fb8\">\n.avia-image-container.av-lnuboow6-715b915d76f264963d09d5fd17ad7fb8 img.avia_image{\nbox-shadow:none;\n}\n.avia-image-container.av-lnuboow6-715b915d76f264963d09d5fd17ad7fb8 .av-image-caption-overlay-center{\ncolor:#ffffff;\n}\n<\/style>\n<div  class='avia-image-container av-lnuboow6-715b915d76f264963d09d5fd17ad7fb8 av-styling- avia-align-center  avia-builder-el-1  el_before_av_heading  avia-builder-el-first '   itemprop=\"image\" itemscope=\"itemscope\" itemtype=\"https:\/\/schema.org\/ImageObject\" ><div class=\"avia-image-container-inner\"><div class=\"avia-image-overlay-wrap\"><img decoding=\"async\" fetchpriority=\"high\" class='wp-image-4963 avia-img-lazy-loading-not-4963 avia_image ' src=\"https:\/\/www.a-nse.com\/wp-content\/uploads\/2023\/10\/advanced-air-mobility-300x209.png\" alt='' title='advanced-air-mobility'  height=\"209\" width=\"300\"  itemprop=\"thumbnailUrl\" srcset=\"https:\/\/www.a-nse.com\/wp-content\/uploads\/2023\/10\/advanced-air-mobility-300x209.png 300w, https:\/\/www.a-nse.com\/wp-content\/uploads\/2023\/10\/advanced-air-mobility-150x104.png 150w, https:\/\/www.a-nse.com\/wp-content\/uploads\/2023\/10\/advanced-air-mobility.png 600w\" sizes=\"(max-width: 300px) 100vw, 300px\" \/><\/div><\/div><\/div>\n\n<style type=\"text\/css\" data-created_by=\"avia_inline_auto\" id=\"style-css-av-lnub9c6f-f3404b811dac5a38be0d5ce6cd2fc413\">\n#top .av-special-heading.av-lnub9c6f-f3404b811dac5a38be0d5ce6cd2fc413{\npadding-bottom:10px;\n}\nbody .av-special-heading.av-lnub9c6f-f3404b811dac5a38be0d5ce6cd2fc413 .av-special-heading-tag .heading-char{\nfont-size:25px;\n}\n.av-special-heading.av-lnub9c6f-f3404b811dac5a38be0d5ce6cd2fc413 .av-subheading{\nfont-size:15px;\n}\n<\/style>\n<div  class='av-special-heading av-lnub9c6f-f3404b811dac5a38be0d5ce6cd2fc413 av-special-heading-h2 blockquote modern-quote modern-centered  avia-builder-el-2  el_after_av_image  avia-builder-el-last '><div class='av-subheading av-subheading_above'><p>MISSION<\/p>\n<\/div><h2 class='av-special-heading-tag '  itemprop=\"headline\"  >Mobilit\u00e9 A\u00e9rienne Avanc\u00e9e<\/h2><div class=\"special-heading-border\"><div class=\"special-heading-inner-border\"><\/div><\/div><\/div>\n<\/div><\/div><\/main><!-- close content main element --><\/div><\/div><\/div><div id='av_section_2'  class='avia-section av-dz40kf-d5f28ca9ca5122b5ff0924cabbe4426a main_color avia-section-default avia-no-border-styling  avia-builder-el-3  el_after_av_section  avia-builder-el-last  avia-bg-style-scroll container_wrap fullsize'  ><div class='container av-section-cont-open' ><div class='template-page content  av-content-full alpha units'><div class='post-entry post-entry-type-page post-entry-5202'><div class='entry-content-wrapper clearfix'>\n\n<style type=\"text\/css\" data-created_by=\"avia_inline_auto\" id=\"style-css-av-bsgnjz-34734dea93bbfb29490195e363543f0c\">\n#top .flex_column.av-bsgnjz-34734dea93bbfb29490195e363543f0c{\nmargin-top:0px;\nmargin-bottom:0px;\n}\n.responsive #top #wrap_all .flex_column.av-bsgnjz-34734dea93bbfb29490195e363543f0c{\nmargin-top:0px;\nmargin-bottom:0px;\n}\n<\/style>\n<div  class='flex_column av-bsgnjz-34734dea93bbfb29490195e363543f0c av_two_third  avia-builder-el-4  el_before_av_one_third  avia-builder-el-first  first flex_column_div  '     ><p>\n<style type=\"text\/css\" data-created_by=\"avia_inline_auto\" id=\"style-css-av-acw34v-5f57f7fd4877ca16615234a365bc81dc\">\n#top .hr.av-acw34v-5f57f7fd4877ca16615234a365bc81dc{\nmargin-top:10px;\nmargin-bottom:10px;\n}\n.hr.av-acw34v-5f57f7fd4877ca16615234a365bc81dc .hr-inner{\nwidth:100%;\nborder-color:#0d4a75;\n}\n<\/style>\n<div  class='hr av-acw34v-5f57f7fd4877ca16615234a365bc81dc hr-custom  avia-builder-el-5  el_before_av_textblock  avia-builder-el-first  hr-center hr-icon-no'><span class='hr-inner inner-border-av-border-thin'><span class=\"hr-inner-style\"><\/span><\/span><\/div><br \/>\n<section  class='av_textblock_section av-94r827-3950d2fb79bcd023a214bd4372a2413b '   itemscope=\"itemscope\" itemtype=\"https:\/\/schema.org\/CreativeWork\" ><div class='avia_textblock'  itemprop=\"text\" ><p>A-NSE est sur le point de d\u00e9velopper un d\u00e9monstrateur e-VTOL transportant 2 passagers lors des JEUX OLYMPIQUES DE PARIS 2024. Prenez contact avec nous pour en savoir plus.<\/p>\n<\/div><\/section><br \/>\n\n<style type=\"text\/css\" data-created_by=\"avia_inline_auto\" id=\"style-css-av-lnub9woo-659c1d926308d62e7346c57601ec34bf\">\n.avia-image-container.av-lnub9woo-659c1d926308d62e7346c57601ec34bf img.avia_image{\nbox-shadow:none;\n}\n.avia-image-container.av-lnub9woo-659c1d926308d62e7346c57601ec34bf .av-image-caption-overlay-center{\ncolor:#ffffff;\n}\n<\/style>\n<div  class='avia-image-container av-lnub9woo-659c1d926308d62e7346c57601ec34bf av-styling- avia-align-center  avia-builder-el-7  el_after_av_textblock  avia-builder-el-last '   itemprop=\"image\" itemscope=\"itemscope\" itemtype=\"https:\/\/schema.org\/ImageObject\" ><div class=\"avia-image-container-inner\"><div class=\"avia-image-overlay-wrap\"><img decoding=\"async\" fetchpriority=\"high\" class='wp-image-3855 avia-img-lazy-loading-not-3855 avia_image ' src=\"https:\/\/www.a-nse.com\/wp-content\/uploads\/2023\/09\/airships.jpg\" alt='' title='airships'  height=\"1200\" width=\"1600\"  itemprop=\"thumbnailUrl\" srcset=\"https:\/\/www.a-nse.com\/wp-content\/uploads\/2023\/09\/airships.jpg 1600w, https:\/\/www.a-nse.com\/wp-content\/uploads\/2023\/09\/airships-300x225.jpg 300w, https:\/\/www.a-nse.com\/wp-content\/uploads\/2023\/09\/airships-1030x773.jpg 1030w, https:\/\/www.a-nse.com\/wp-content\/uploads\/2023\/09\/airships-768x576.jpg 768w, https:\/\/www.a-nse.com\/wp-content\/uploads\/2023\/09\/airships-1536x1152.jpg 1536w, https:\/\/www.a-nse.com\/wp-content\/uploads\/2023\/09\/airships-1500x1125.jpg 1500w, https:\/\/www.a-nse.com\/wp-content\/uploads\/2023\/09\/airships-705x529.jpg 705w\" sizes=\"(max-width: 1600px) 100vw, 1600px\" \/><\/div><\/div><\/div><\/p><\/div>\n<style type=\"text\/css\" data-created_by=\"avia_inline_auto\" id=\"style-css-av-7bh1kv-fb18f7811b2543f2d7fafc834766f565\">\n#top .flex_column.av-7bh1kv-fb18f7811b2543f2d7fafc834766f565{\nmargin-top:0px;\nmargin-bottom:0px;\n}\n.responsive #top #wrap_all .flex_column.av-7bh1kv-fb18f7811b2543f2d7fafc834766f565{\nmargin-top:0px;\nmargin-bottom:0px;\n}\n<\/style>\n<div  class='flex_column av-7bh1kv-fb18f7811b2543f2d7fafc834766f565 av_one_third  avia-builder-el-8  el_after_av_two_third  avia-builder-el-last  flex_column_div  '     ><p>\n<style type=\"text\/css\" data-created_by=\"avia_inline_auto\" id=\"style-css-av-ju1en-c4e0eb483611b2f1e74a84d841935579\">\n#top .hr.av-ju1en-c4e0eb483611b2f1e74a84d841935579{\nmargin-top:10px;\nmargin-bottom:10px;\n}\n.hr.av-ju1en-c4e0eb483611b2f1e74a84d841935579 .hr-inner{\nwidth:100%;\nborder-color:#0d4a75;\n}\n<\/style>\n<div  class='hr av-ju1en-c4e0eb483611b2f1e74a84d841935579 hr-custom  avia-builder-el-9  el_before_av_heading  avia-builder-el-first  hr-center hr-icon-no'><span class='hr-inner inner-border-av-border-thin'><span class=\"hr-inner-style\"><\/span><\/span><\/div><br \/>\n\n<style type=\"text\/css\" data-created_by=\"avia_inline_auto\" id=\"style-css-av-42jq33-1348af3df888c81eb6c4f9f4fcb15c8a\">\n#top .av-special-heading.av-42jq33-1348af3df888c81eb6c4f9f4fcb15c8a{\npadding-bottom:10px;\n}\nbody .av-special-heading.av-42jq33-1348af3df888c81eb6c4f9f4fcb15c8a .av-special-heading-tag .heading-char{\nfont-size:25px;\n}\n.av-special-heading.av-42jq33-1348af3df888c81eb6c4f9f4fcb15c8a .av-subheading{\nfont-size:15px;\n}\n<\/style>\n<div  class='av-special-heading av-42jq33-1348af3df888c81eb6c4f9f4fcb15c8a av-special-heading-h4 blockquote modern-quote  avia-builder-el-10  el_after_av_hr  el_before_av_masonry_entries  avia-builder-el-last '><h4 class='av-special-heading-tag '  itemprop=\"headline\"  >Nos syst\u00e8mes<\/h4><div class=\"special-heading-border\"><div class=\"special-heading-inner-border\"><\/div><\/div><\/div><br \/>\n<div id='av-masonry-1' class='av-masonry av-326zvz-ee353b1f1fd5d5fd1ae98e4fee051cee noHover av-fixed-size av-large-gap av-hover-overlay- av-masonry-animation-active av-masonry-col-1 av-caption-always av-caption-style- av-masonry-entries av-orientation-square ' data-post_id=\"5202\"><div class=\"av-masonry-container isotope av-js-disabled\"><div class='av-masonry-entry isotope-item av-masonry-item-no-image all_sort advanced-air-mobility-fr_sort  aerial-cargo-transport-fr_sort  events-fr_sort  dirigeables-evtol_sort  safe-city-fr_sort  maritime-fr_sort  produits_sort '><\/div><a href=\"https:\/\/www.a-nse.com\/fr\/product-item\/e-vtol-e-lium\/\"  id='av-masonry-1-item-5290' data-av-masonry-item='5290' class='av-masonry-entry isotope-item post-5290 portfolio type-portfolio status-publish has-post-thumbnail hentry portfolio_entries-advanced-air-mobility-fr portfolio_entries-aerial-cargo-transport-fr portfolio_entries-events-fr portfolio_entries-dirigeables-evtol portfolio_entries-safe-city-fr all_sort advanced-air-mobility-fr_sort  aerial-cargo-transport-fr_sort  events-fr_sort  dirigeables-evtol_sort  safe-city-fr_sort  av-masonry-item-with-image' title=\"main4\"   itemscope=\"itemscope\" itemtype=\"https:\/\/schema.org\/CreativeWork\" ><div class='av-inner-masonry-sizer'><\/div><figure class='av-inner-masonry main_color'><div class=\"av-masonry-outerimage-container\"><div class='av-masonry-image-container' style=\"background-image: url(https:\/\/www.a-nse.com\/wp-content\/uploads\/2023\/10\/main4-705x686.jpg);\"  title=\"main4\" ><\/div><\/div><figcaption class='av-inner-masonry-content site-background'><div class='av-inner-masonry-content-pos'><div class='av-inner-masonry-content-pos-content'><div class='avia-arrow'><\/div><h3 class='av-masonry-entry-title entry-title '  itemprop=\"headline\" >e-LIUM<\/h3><\/div><\/div><\/figcaption><\/figure><\/a><!--end av-masonry entry--><a href=\"https:\/\/www.a-nse.com\/fr\/product-item\/a-n400\/\"  id='av-masonry-1-item-5294' data-av-masonry-item='5294' class='av-masonry-entry isotope-item post-5294 portfolio type-portfolio status-publish has-post-thumbnail hentry portfolio_entries-advanced-air-mobility-fr portfolio_entries-dirigeables-evtol portfolio_entries-maritime-fr portfolio_entries-produits all_sort advanced-air-mobility-fr_sort  dirigeables-evtol_sort  maritime-fr_sort  produits_sort  av-masonry-item-with-image' title=\"main-1\"   itemscope=\"itemscope\" itemtype=\"https:\/\/schema.org\/CreativeWork\" ><div class='av-inner-masonry-sizer'><\/div><figure class='av-inner-masonry main_color'><div class=\"av-masonry-outerimage-container\"><div class='av-masonry-image-container' style=\"background-image: url(https:\/\/www.a-nse.com\/wp-content\/uploads\/2023\/10\/main-1-2-705x705.jpg);\"  title=\"main-1\" ><\/div><\/div><figcaption class='av-inner-masonry-content site-background'><div class='av-inner-masonry-content-pos'><div class='av-inner-masonry-content-pos-content'><div class='avia-arrow'><\/div><h3 class='av-masonry-entry-title entry-title '  itemprop=\"headline\" >A-N 400<\/h3><\/div><\/div><\/figcaption><\/figure><\/a><!--end av-masonry entry--><\/div><\/div><\/p><\/div>\n<\/p>\n","protected":false},"excerpt":{"rendered":"","protected":false},"author":5,"featured_media":0,"parent":5205,"menu_order":0,"comment_status":"closed","ping_status":"closed","template":"","meta":{"footnotes":""},"class_list":["post-5202","page","type-page","status-publish","hentry"],"yoast_head":"<!-- This site is optimized with the Yoast SEO plugin v27.4 - https:\/\/yoast.com\/product\/yoast-seo-wordpress\/ -->\n<title>Mobilit\u00e9 a\u00e9rienne avanc\u00e9e - A-NSE<\/title>\n<meta name=\"robots\" content=\"index, follow, max-snippet:-1, max-image-preview:large, max-video-preview:-1\" \/>\n<link rel=\"canonical\" href=\"https:\/\/www.a-nse.com\/fr\/missions\/advanced-air-mobility\/\" \/>\n<meta property=\"og:locale\" content=\"fr_FR\" \/>\n<meta property=\"og:type\" content=\"article\" \/>\n<meta property=\"og:title\" content=\"Mobilit\u00e9 a\u00e9rienne avanc\u00e9e - A-NSE\" \/>\n<meta property=\"og:url\" content=\"https:\/\/www.a-nse.com\/fr\/missions\/advanced-air-mobility\/\" \/>\n<meta property=\"og:site_name\" content=\"A-NSE\" \/>\n<meta property=\"article:modified_time\" content=\"2025-05-06T16:36:00+00:00\" \/>\n<meta name=\"twitter:card\" content=\"summary_large_image\" \/>\n<meta name=\"twitter:label1\" content=\"Dur\u00e9e de lecture estim\u00e9e\" \/>\n\t<meta name=\"twitter:data1\" content=\"1 minute\" \/>\n<script type=\"application\/ld+json\" class=\"yoast-schema-graph\">{\"@context\":\"https:\\\/\\\/schema.org\",\"@graph\":[{\"@type\":\"WebPage\",\"@id\":\"https:\\\/\\\/www.a-nse.com\\\/fr\\\/missions\\\/advanced-air-mobility\\\/\",\"url\":\"https:\\\/\\\/www.a-nse.com\\\/fr\\\/missions\\\/advanced-air-mobility\\\/\",\"name\":\"Mobilit\u00e9 a\u00e9rienne avanc\u00e9e - A-NSE\",\"isPartOf\":{\"@id\":\"https:\\\/\\\/www.a-nse.com\\\/fr\\\/#website\"},\"datePublished\":\"2023-10-16T17:23:33+00:00\",\"dateModified\":\"2025-05-06T16:36:00+00:00\",\"breadcrumb\":{\"@id\":\"https:\\\/\\\/www.a-nse.com\\\/fr\\\/missions\\\/advanced-air-mobility\\\/#breadcrumb\"},\"inLanguage\":\"fr-FR\",\"potentialAction\":[{\"@type\":\"ReadAction\",\"target\":[\"https:\\\/\\\/www.a-nse.com\\\/fr\\\/missions\\\/advanced-air-mobility\\\/\"]}]},{\"@type\":\"BreadcrumbList\",\"@id\":\"https:\\\/\\\/www.a-nse.com\\\/fr\\\/missions\\\/advanced-air-mobility\\\/#breadcrumb\",\"itemListElement\":[{\"@type\":\"ListItem\",\"position\":1,\"name\":\"Accueil\",\"item\":\"https:\\\/\\\/www.a-nse.com\\\/fr\\\/home-2023\\\/\"},{\"@type\":\"ListItem\",\"position\":2,\"name\":\"Missions\",\"item\":\"https:\\\/\\\/www.a-nse.com\\\/fr\\\/missions\\\/\"},{\"@type\":\"ListItem\",\"position\":3,\"name\":\"Mobilit\u00e9 a\u00e9rienne avanc\u00e9e\"}]},{\"@type\":\"WebSite\",\"@id\":\"https:\\\/\\\/www.a-nse.com\\\/fr\\\/#website\",\"url\":\"https:\\\/\\\/www.a-nse.com\\\/fr\\\/\",\"name\":\"A-NSE\",\"description\":\"Aero-nautic services &amp; engineering\",\"publisher\":{\"@id\":\"https:\\\/\\\/www.a-nse.com\\\/fr\\\/#organization\"},\"potentialAction\":[{\"@type\":\"SearchAction\",\"target\":{\"@type\":\"EntryPoint\",\"urlTemplate\":\"https:\\\/\\\/www.a-nse.com\\\/fr\\\/?s={search_term_string}\"},\"query-input\":{\"@type\":\"PropertyValueSpecification\",\"valueRequired\":true,\"valueName\":\"search_term_string\"}}],\"inLanguage\":\"fr-FR\"},{\"@type\":\"Organization\",\"@id\":\"https:\\\/\\\/www.a-nse.com\\\/fr\\\/#organization\",\"name\":\"A-NSE\",\"url\":\"https:\\\/\\\/www.a-nse.com\\\/fr\\\/\",\"logo\":{\"@type\":\"ImageObject\",\"inLanguage\":\"fr-FR\",\"@id\":\"https:\\\/\\\/www.a-nse.com\\\/fr\\\/#\\\/schema\\\/logo\\\/image\\\/\",\"url\":\"https:\\\/\\\/www.a-nse.com\\\/wp-content\\\/uploads\\\/2023\\\/10\\\/logo-a-nse-2023-ok.png\",\"contentUrl\":\"https:\\\/\\\/www.a-nse.com\\\/wp-content\\\/uploads\\\/2023\\\/10\\\/logo-a-nse-2023-ok.png\",\"width\":666,\"height\":231,\"caption\":\"A-NSE\"},\"image\":{\"@id\":\"https:\\\/\\\/www.a-nse.com\\\/fr\\\/#\\\/schema\\\/logo\\\/image\\\/\"}}]}<\/script>\n<!-- \/ Yoast SEO plugin. -->","yoast_head_json":{"title":"Mobilit\u00e9 a\u00e9rienne avanc\u00e9e - A-NSE","robots":{"index":"index","follow":"follow","max-snippet":"max-snippet:-1","max-image-preview":"max-image-preview:large","max-video-preview":"max-video-preview:-1"},"canonical":"https:\/\/www.a-nse.com\/fr\/missions\/advanced-air-mobility\/","og_locale":"fr_FR","og_type":"article","og_title":"Mobilit\u00e9 a\u00e9rienne avanc\u00e9e - A-NSE","og_url":"https:\/\/www.a-nse.com\/fr\/missions\/advanced-air-mobility\/","og_site_name":"A-NSE","article_modified_time":"2025-05-06T16:36:00+00:00","twitter_card":"summary_large_image","twitter_misc":{"Dur\u00e9e de lecture estim\u00e9e":"1 minute"},"schema":{"@context":"https:\/\/schema.org","@graph":[{"@type":"WebPage","@id":"https:\/\/www.a-nse.com\/fr\/missions\/advanced-air-mobility\/","url":"https:\/\/www.a-nse.com\/fr\/missions\/advanced-air-mobility\/","name":"Mobilit\u00e9 a\u00e9rienne avanc\u00e9e - A-NSE","isPartOf":{"@id":"https:\/\/www.a-nse.com\/fr\/#website"},"datePublished":"2023-10-16T17:23:33+00:00","dateModified":"2025-05-06T16:36:00+00:00","breadcrumb":{"@id":"https:\/\/www.a-nse.com\/fr\/missions\/advanced-air-mobility\/#breadcrumb"},"inLanguage":"fr-FR","potentialAction":[{"@type":"ReadAction","target":["https:\/\/www.a-nse.com\/fr\/missions\/advanced-air-mobility\/"]}]},{"@type":"BreadcrumbList","@id":"https:\/\/www.a-nse.com\/fr\/missions\/advanced-air-mobility\/#breadcrumb","itemListElement":[{"@type":"ListItem","position":1,"name":"Accueil","item":"https:\/\/www.a-nse.com\/fr\/home-2023\/"},{"@type":"ListItem","position":2,"name":"Missions","item":"https:\/\/www.a-nse.com\/fr\/missions\/"},{"@type":"ListItem","position":3,"name":"Mobilit\u00e9 a\u00e9rienne avanc\u00e9e"}]},{"@type":"WebSite","@id":"https:\/\/www.a-nse.com\/fr\/#website","url":"https:\/\/www.a-nse.com\/fr\/","name":"A-NSE","description":"Aero-nautic services &amp; engineering","publisher":{"@id":"https:\/\/www.a-nse.com\/fr\/#organization"},"potentialAction":[{"@type":"SearchAction","target":{"@type":"EntryPoint","urlTemplate":"https:\/\/www.a-nse.com\/fr\/?s={search_term_string}"},"query-input":{"@type":"PropertyValueSpecification","valueRequired":true,"valueName":"search_term_string"}}],"inLanguage":"fr-FR"},{"@type":"Organization","@id":"https:\/\/www.a-nse.com\/fr\/#organization","name":"A-NSE","url":"https:\/\/www.a-nse.com\/fr\/","logo":{"@type":"ImageObject","inLanguage":"fr-FR","@id":"https:\/\/www.a-nse.com\/fr\/#\/schema\/logo\/image\/","url":"https:\/\/www.a-nse.com\/wp-content\/uploads\/2023\/10\/logo-a-nse-2023-ok.png","contentUrl":"https:\/\/www.a-nse.com\/wp-content\/uploads\/2023\/10\/logo-a-nse-2023-ok.png","width":666,"height":231,"caption":"A-NSE"},"image":{"@id":"https:\/\/www.a-nse.com\/fr\/#\/schema\/logo\/image\/"}}]}},"_links":{"self":[{"href":"https:\/\/www.a-nse.com\/fr\/wp-json\/wp\/v2\/pages\/5202","targetHints":{"allow":["GET"]}}],"collection":[{"href":"https:\/\/www.a-nse.com\/fr\/wp-json\/wp\/v2\/pages"}],"about":[{"href":"https:\/\/www.a-nse.com\/fr\/wp-json\/wp\/v2\/types\/page"}],"author":[{"embeddable":true,"href":"https:\/\/www.a-nse.com\/fr\/wp-json\/wp\/v2\/users\/5"}],"replies":[{"embeddable":true,"href":"https:\/\/www.a-nse.com\/fr\/wp-json\/wp\/v2\/comments?post=5202"}],"version-history":[{"count":0,"href":"https:\/\/www.a-nse.com\/fr\/wp-json\/wp\/v2\/pages\/5202\/revisions"}],"up":[{"embeddable":true,"href":"https:\/\/www.a-nse.com\/fr\/wp-json\/wp\/v2\/pages\/5205"}],"wp:attachment":[{"href":"https:\/\/www.a-nse.com\/fr\/wp-json\/wp\/v2\/media?parent=5202"}],"curies":[{"name":"wp","href":"https:\/\/api.w.org\/{rel}","templated":true}]}}