{"id":5198,"date":"2023-10-19T11:12:44","date_gmt":"2023-10-19T10:12:44","guid":{"rendered":"https:\/\/preprod.a-nse.com\/counter-unmanned-aerial-system-c-uas\/"},"modified":"2025-05-12T18:42:02","modified_gmt":"2025-05-12T17:42:02","slug":"counter-unmanned-aerial-system-c-uas","status":"publish","type":"page","link":"https:\/\/www.a-nse.com\/fr\/missions\/counter-unmanned-aerial-system-c-uas\/","title":{"rendered":"Lutte Anti-Drones (LAD)"},"content":{"rendered":"\n<style type=\"text\/css\" data-created_by=\"avia_inline_auto\" id=\"style-css-av-lnua8yt2-d6ea8d75fe4cc367e48014e3d65c7835\">\n.avia-section.av-lnua8yt2-d6ea8d75fe4cc367e48014e3d65c7835{\nbackground-repeat:no-repeat;\nbackground-image:url(https:\/\/www.a-nse.com\/wp-content\/uploads\/2024\/06\/a-nse-drone.jpg);\nbackground-position:50% 50%;\nbackground-attachment:scroll;\n}\n.avia-section.av-lnua8yt2-d6ea8d75fe4cc367e48014e3d65c7835 .av-section-color-overlay{\nopacity:0.3;\nbackground-color:#0d4a75;\n}\n<\/style>\n<div id='av_section_1'  class='avia-section av-lnua8yt2-d6ea8d75fe4cc367e48014e3d65c7835 alternate_color avia-section-default avia-no-border-styling  avia-builder-el-0  el_before_av_section  avia-builder-el-first  avia-full-stretch avia-bg-style-scroll av-section-color-overlay-active av-minimum-height av-minimum-height-50 av-height-50  container_wrap fullsize'  data-section-bg-repeat='stretch' data-av_minimum_height_pc='50' data-av_min_height_opt='50'><div class=\"av-section-color-overlay-wrap\"><div class=\"av-section-color-overlay\"><\/div><div class='container av-section-cont-open' ><main  role=\"main\" itemprop=\"mainContentOfPage\"  class='template-page content  av-content-full alpha units'><div class='post-entry post-entry-type-page post-entry-5198'><div class='entry-content-wrapper clearfix'>\n\n<style type=\"text\/css\" data-created_by=\"avia_inline_auto\" id=\"style-css-av-lnu911im-7b83675eee87f5ab19686f747ca07172\">\n.avia-image-container.av-lnu911im-7b83675eee87f5ab19686f747ca07172 img.avia_image{\nbox-shadow:none;\n}\n.avia-image-container.av-lnu911im-7b83675eee87f5ab19686f747ca07172 .av-image-caption-overlay-center{\ncolor:#ffffff;\n}\n<\/style>\n<div  class='avia-image-container av-lnu911im-7b83675eee87f5ab19686f747ca07172 av-styling- avia-align-center  avia-builder-el-1  el_before_av_heading  avia-builder-el-first '   itemprop=\"image\" itemscope=\"itemscope\" itemtype=\"https:\/\/schema.org\/ImageObject\" ><div class=\"avia-image-container-inner\"><div class=\"avia-image-overlay-wrap\"><img decoding=\"async\" fetchpriority=\"high\" class='wp-image-4668 avia-img-lazy-loading-not-4668 avia_image ' src=\"https:\/\/www.a-nse.com\/wp-content\/uploads\/2023\/10\/counter-unmanned-aerial-system-c-uas-300x209.png\" alt='' title='counter-unmanned-aerial-system-c-uas'  height=\"209\" width=\"300\"  itemprop=\"thumbnailUrl\" srcset=\"https:\/\/www.a-nse.com\/wp-content\/uploads\/2023\/10\/counter-unmanned-aerial-system-c-uas-300x209.png 300w, https:\/\/www.a-nse.com\/wp-content\/uploads\/2023\/10\/counter-unmanned-aerial-system-c-uas-150x104.png 150w, https:\/\/www.a-nse.com\/wp-content\/uploads\/2023\/10\/counter-unmanned-aerial-system-c-uas.png 600w\" sizes=\"(max-width: 300px) 100vw, 300px\" \/><\/div><\/div><\/div>\n\n<style type=\"text\/css\" data-created_by=\"avia_inline_auto\" id=\"style-css-av-lnu918la-d518f7594355aee1632aacb683b63b77\">\n#top .av-special-heading.av-lnu918la-d518f7594355aee1632aacb683b63b77{\npadding-bottom:10px;\n}\nbody .av-special-heading.av-lnu918la-d518f7594355aee1632aacb683b63b77 .av-special-heading-tag .heading-char{\nfont-size:25px;\n}\n.av-special-heading.av-lnu918la-d518f7594355aee1632aacb683b63b77 .av-subheading{\nfont-size:15px;\n}\n<\/style>\n<div  class='av-special-heading av-lnu918la-d518f7594355aee1632aacb683b63b77 av-special-heading-h2 blockquote modern-quote modern-centered  avia-builder-el-2  el_after_av_image  avia-builder-el-last '><div class='av-subheading av-subheading_above'><p>MISSION<\/p>\n<\/div><h2 class='av-special-heading-tag '  itemprop=\"headline\"  >Lutte Anti-Drones (LAD)<\/h2><div class=\"special-heading-border\"><div class=\"special-heading-inner-border\"><\/div><\/div><\/div>\n\n<\/div><\/div><\/main><!-- close content main element --><\/div><\/div><\/div><div id='av_section_2'  class='avia-section av-hyt74r-a925c49e9be8f9b8df08fb80ec4f1c51 main_color avia-section-default avia-no-border-styling  avia-builder-el-3  el_after_av_section  avia-builder-el-last  avia-bg-style-scroll container_wrap fullsize'  ><div class='container av-section-cont-open' ><div class='template-page content  av-content-full alpha units'><div class='post-entry post-entry-type-page post-entry-5198'><div class='entry-content-wrapper clearfix'>\n\n<style type=\"text\/css\" data-created_by=\"avia_inline_auto\" id=\"style-css-av-fgd8mj-f074d0afb7b2bf61e6bfac7b88283375\">\n#top .flex_column.av-fgd8mj-f074d0afb7b2bf61e6bfac7b88283375{\nmargin-top:0px;\nmargin-bottom:0px;\n}\n.responsive #top #wrap_all .flex_column.av-fgd8mj-f074d0afb7b2bf61e6bfac7b88283375{\nmargin-top:0px;\nmargin-bottom:0px;\n}\n<\/style>\n<div  class='flex_column av-fgd8mj-f074d0afb7b2bf61e6bfac7b88283375 av_two_third  avia-builder-el-4  el_before_av_one_third  avia-builder-el-first  first flex_column_div  '     ><p><section  class='av_textblock_section av-19vyu3-903918f7e019b8ca33a412e7215f003b '   itemscope=\"itemscope\" itemtype=\"https:\/\/schema.org\/CreativeWork\" ><div class='avia_textblock'  itemprop=\"text\" ><p>Les drones sont d\u00e9sormais une pr\u00e9occupation majeure pour les gouvernements, les arm\u00e9es, les villes, les fronti\u00e8res et les sites industriels. La capacit\u00e9 des drones \u00e0 atteindre rapidement et discr\u00e8tement des zones sensibles afin de nuire \u00e0 des infrastructures ou des individus en font une menace majeure qui ne peut pas \u00eatre ignor\u00e9e.<\/p>\n<p>A-NSE propose des a\u00e9rostats \u00e9quip\u00e9s de charges utiles de d\u00e9tection et de brouilleurs pour fournir une solution semi-autonome permanente pour votre s\u00e9curit\u00e9 24\/7.<\/p>\n<p>Contactez-nous pour en savoir plus.<\/p>\n<\/div><\/section><br \/>\n\n<style type=\"text\/css\" data-created_by=\"avia_inline_auto\" id=\"style-css-av-lo7dnkqj-3e02842644dcd0d4d579344d2ba417d9\">\n.avia-image-container.av-lo7dnkqj-3e02842644dcd0d4d579344d2ba417d9 img.avia_image{\nbox-shadow:none;\n}\n.avia-image-container.av-lo7dnkqj-3e02842644dcd0d4d579344d2ba417d9 .av-image-caption-overlay-center{\ncolor:#ffffff;\n}\n<\/style>\n<div  class='avia-image-container av-lo7dnkqj-3e02842644dcd0d4d579344d2ba417d9 av-styling- avia-align-center  avia-builder-el-6  el_after_av_textblock  el_before_av_textblock '   itemprop=\"image\" itemscope=\"itemscope\" itemtype=\"https:\/\/schema.org\/ImageObject\" ><div class=\"avia-image-container-inner\"><div class=\"avia-image-overlay-wrap\"><img decoding=\"async\" fetchpriority=\"high\" class='wp-image-4686 avia-img-lazy-loading-not-4686 avia_image ' src=\"https:\/\/www.a-nse.com\/wp-content\/uploads\/2023\/10\/hydra-sur-ballon-captifs-a-nse-1536x865-1.jpg\" alt='Syst\u00e8me HYDRA sur ballon captif \u00a9A-NSE' title='hydra-sur-ballon-captifs-a-nse-1536x865'  height=\"865\" width=\"1536\"  itemprop=\"thumbnailUrl\" srcset=\"https:\/\/www.a-nse.com\/wp-content\/uploads\/2023\/10\/hydra-sur-ballon-captifs-a-nse-1536x865-1.jpg 1536w, https:\/\/www.a-nse.com\/wp-content\/uploads\/2023\/10\/hydra-sur-ballon-captifs-a-nse-1536x865-1-300x169.jpg 300w, https:\/\/www.a-nse.com\/wp-content\/uploads\/2023\/10\/hydra-sur-ballon-captifs-a-nse-1536x865-1-1030x580.jpg 1030w, https:\/\/www.a-nse.com\/wp-content\/uploads\/2023\/10\/hydra-sur-ballon-captifs-a-nse-1536x865-1-768x433.jpg 768w, https:\/\/www.a-nse.com\/wp-content\/uploads\/2023\/10\/hydra-sur-ballon-captifs-a-nse-1536x865-1-1500x845.jpg 1500w, https:\/\/www.a-nse.com\/wp-content\/uploads\/2023\/10\/hydra-sur-ballon-captifs-a-nse-1536x865-1-705x397.jpg 705w, https:\/\/www.a-nse.com\/wp-content\/uploads\/2023\/10\/hydra-sur-ballon-captifs-a-nse-1536x865-1-1320x743.jpg 1320w, https:\/\/www.a-nse.com\/wp-content\/uploads\/2023\/10\/hydra-sur-ballon-captifs-a-nse-1536x865-1-150x84.jpg 150w\" sizes=\"(max-width: 1536px) 100vw, 1536px\" \/><\/div><\/div><\/div><br \/>\n<section  class='av_textblock_section av-maba37o5-fa58d1620f8a7c255591dbb603ed5752 '   itemscope=\"itemscope\" itemtype=\"https:\/\/schema.org\/CreativeWork\" ><div class='avia_textblock'  itemprop=\"text\" ><p style=\"text-align: center;\"><em>Syst\u00e8me HYDRA embarqu\u00e9 par un <a href=\"https:\/\/www.a-nse.com\/fr\/product-item\/t-c60l\/\">T-C60 L<\/a><\/em><\/p>\n<\/div><\/section><\/p><\/div>\n<style type=\"text\/css\" data-created_by=\"avia_inline_auto\" id=\"style-css-av-tibzf-5691bd7f90a790df0628d91763ca80ef\">\n#top .flex_column.av-tibzf-5691bd7f90a790df0628d91763ca80ef{\nmargin-top:0px;\nmargin-bottom:0px;\n}\n.responsive #top #wrap_all .flex_column.av-tibzf-5691bd7f90a790df0628d91763ca80ef{\nmargin-top:0px;\nmargin-bottom:0px;\n}\n<\/style>\n<div  class='flex_column av-tibzf-5691bd7f90a790df0628d91763ca80ef av_one_third  avia-builder-el-8  el_after_av_two_third  avia-builder-el-last  flex_column_div  '     ><p>\n<style type=\"text\/css\" data-created_by=\"avia_inline_auto\" id=\"style-css-av-3p5wej-7df4dd9eaf48e94ab5f667d0f7209566\">\n#top .av-special-heading.av-3p5wej-7df4dd9eaf48e94ab5f667d0f7209566{\npadding-bottom:10px;\n}\nbody .av-special-heading.av-3p5wej-7df4dd9eaf48e94ab5f667d0f7209566 .av-special-heading-tag .heading-char{\nfont-size:25px;\n}\n.av-special-heading.av-3p5wej-7df4dd9eaf48e94ab5f667d0f7209566 .av-subheading{\nfont-size:15px;\n}\n<\/style>\n<div  class='av-special-heading av-3p5wej-7df4dd9eaf48e94ab5f667d0f7209566 av-special-heading-h4 blockquote modern-quote  avia-builder-el-9  el_before_av_masonry_entries  avia-builder-el-no-sibling '><h4 class='av-special-heading-tag '  itemprop=\"headline\"  >Nos syst\u00e8mes<\/h4><div class=\"special-heading-border\"><div class=\"special-heading-inner-border\"><\/div><\/div><\/div><br \/>\n<div id='av-masonry-1' class='av-masonry av-2op3ln-4f23c3ac67f3a14f117d3ecc001a203a noHover av-fixed-size av-large-gap av-hover-overlay- av-masonry-animation-active av-masonry-col-1 av-caption-always av-caption-style- av-masonry-entries av-orientation-square ' data-post_id=\"5198\"><div class=\"av-masonry-container isotope av-js-disabled\"><div class='av-masonry-entry isotope-item av-masonry-item-no-image all_sort agriculture-fr_sort  ballons-captifs_sort  border-control-fr_sort  counter-unmanned-aerial-system-c-uas-fr_sort  early-fire-detection-fr_sort  environment-fr_sort  events-fr_sort  infrastructures-fr_sort  maritime-fr_sort  missions-civiles_sort  missions-militaires_sort  network-fr_sort  produits_sort  safe-city-fr_sort  surveillance-communication-intelligence-fr_sort '><\/div><a href=\"https:\/\/www.a-nse.com\/fr\/product-item\/t-c60-m\/\"  id='av-masonry-1-item-5284' data-av-masonry-item='5284' class='av-masonry-entry isotope-item post-5284 portfolio type-portfolio status-publish has-post-thumbnail hentry portfolio_entries-agriculture-fr portfolio_entries-ballons-captifs portfolio_entries-border-control-fr portfolio_entries-counter-unmanned-aerial-system-c-uas-fr portfolio_entries-early-fire-detection-fr portfolio_entries-environment-fr portfolio_entries-events-fr portfolio_entries-infrastructures-fr portfolio_entries-maritime-fr portfolio_entries-missions-civiles portfolio_entries-missions-militaires portfolio_entries-network-fr portfolio_entries-produits portfolio_entries-safe-city-fr portfolio_entries-surveillance-communication-intelligence-fr all_sort agriculture-fr_sort  ballons-captifs_sort  border-control-fr_sort  counter-unmanned-aerial-system-c-uas-fr_sort  early-fire-detection-fr_sort  environment-fr_sort  events-fr_sort  infrastructures-fr_sort  maritime-fr_sort  missions-civiles_sort  missions-militaires_sort  network-fr_sort  produits_sort  safe-city-fr_sort  surveillance-communication-intelligence-fr_sort  av-masonry-item-with-image' title=\"main\"   itemscope=\"itemscope\" itemtype=\"https:\/\/schema.org\/CreativeWork\" ><div class='av-inner-masonry-sizer'><\/div><figure class='av-inner-masonry main_color'><div class=\"av-masonry-outerimage-container\"><div class='av-masonry-image-container' style=\"background-image: url(https:\/\/www.a-nse.com\/wp-content\/uploads\/2023\/10\/main-1-705x705.jpg);\"  title=\"main\" ><\/div><\/div><figcaption class='av-inner-masonry-content site-background'><div class='av-inner-masonry-content-pos'><div class='av-inner-masonry-content-pos-content'><div class='avia-arrow'><\/div><h3 class='av-masonry-entry-title entry-title '  itemprop=\"headline\" >T-C60 M<\/h3><\/div><\/div><\/figcaption><\/figure><\/a><!--end av-masonry entry--><a href=\"https:\/\/www.a-nse.com\/fr\/product-item\/t-c60l\/\"  id='av-masonry-1-item-5282' data-av-masonry-item='5282' class='av-masonry-entry isotope-item post-5282 portfolio type-portfolio status-publish has-post-thumbnail hentry portfolio_entries-agriculture-fr portfolio_entries-ballons-captifs portfolio_entries-border-control-fr portfolio_entries-counter-unmanned-aerial-system-c-uas-fr portfolio_entries-early-fire-detection-fr portfolio_entries-environment-fr portfolio_entries-events-fr portfolio_entries-infrastructures-fr portfolio_entries-maritime-fr portfolio_entries-missions-civiles portfolio_entries-missions-militaires portfolio_entries-network-fr portfolio_entries-safe-city-fr portfolio_entries-surveillance-communication-intelligence-fr all_sort agriculture-fr_sort  ballons-captifs_sort  border-control-fr_sort  counter-unmanned-aerial-system-c-uas-fr_sort  early-fire-detection-fr_sort  environment-fr_sort  events-fr_sort  infrastructures-fr_sort  maritime-fr_sort  missions-civiles_sort  missions-militaires_sort  network-fr_sort  safe-city-fr_sort  surveillance-communication-intelligence-fr_sort  av-masonry-item-with-image' title=\"main\"   itemscope=\"itemscope\" itemtype=\"https:\/\/schema.org\/CreativeWork\" ><div class='av-inner-masonry-sizer'><\/div><figure class='av-inner-masonry main_color'><div class=\"av-masonry-outerimage-container\"><div class='av-masonry-image-container' style=\"background-image: url(https:\/\/www.a-nse.com\/wp-content\/uploads\/2023\/10\/main-2-705x705.jpg);\"  title=\"main\" ><\/div><\/div><figcaption class='av-inner-masonry-content site-background'><div class='av-inner-masonry-content-pos'><div class='av-inner-masonry-content-pos-content'><div class='avia-arrow'><\/div><h3 class='av-masonry-entry-title entry-title '  itemprop=\"headline\" >T-C60 L<\/h3><\/div><\/div><\/figcaption><\/figure><\/a><!--end av-masonry entry--><a href=\"https:\/\/www.a-nse.com\/fr\/product-item\/t-c350-l\/\"  id='av-masonry-1-item-5286' data-av-masonry-item='5286' class='av-masonry-entry isotope-item post-5286 portfolio type-portfolio status-publish has-post-thumbnail hentry portfolio_entries-agriculture-fr portfolio_entries-ballons-captifs portfolio_entries-border-control-fr portfolio_entries-counter-unmanned-aerial-system-c-uas-fr portfolio_entries-early-fire-detection-fr portfolio_entries-environment-fr portfolio_entries-events-fr portfolio_entries-infrastructures-fr portfolio_entries-maritime-fr portfolio_entries-missions-militaires portfolio_entries-network-fr portfolio_entries-safe-city-fr portfolio_entries-surveillance-communication-intelligence-fr all_sort agriculture-fr_sort  ballons-captifs_sort  border-control-fr_sort  counter-unmanned-aerial-system-c-uas-fr_sort  early-fire-detection-fr_sort  environment-fr_sort  events-fr_sort  infrastructures-fr_sort  maritime-fr_sort  missions-militaires_sort  network-fr_sort  safe-city-fr_sort  surveillance-communication-intelligence-fr_sort  av-masonry-item-with-image' title=\"main\"   itemscope=\"itemscope\" itemtype=\"https:\/\/schema.org\/CreativeWork\" ><div class='av-inner-masonry-sizer'><\/div><figure class='av-inner-masonry main_color'><div class=\"av-masonry-outerimage-container\"><div class='av-masonry-image-container' style=\"background-image: url(https:\/\/www.a-nse.com\/wp-content\/uploads\/2023\/10\/main-4-705x705.jpg);\"  title=\"main\" ><\/div><\/div><figcaption class='av-inner-masonry-content site-background'><div class='av-inner-masonry-content-pos'><div class='av-inner-masonry-content-pos-content'><div class='avia-arrow'><\/div><h3 class='av-masonry-entry-title entry-title '  itemprop=\"headline\" >T-C350 L<\/h3><\/div><\/div><\/figcaption><\/figure><\/a><!--end av-masonry entry--><\/div><\/div><\/p><\/div>\n","protected":false},"excerpt":{"rendered":"","protected":false},"author":5,"featured_media":0,"parent":5205,"menu_order":0,"comment_status":"closed","ping_status":"closed","template":"","meta":{"footnotes":""},"class_list":["post-5198","page","type-page","status-publish","hentry"],"yoast_head":"<!-- This site is optimized with the Yoast SEO plugin v27.5 - https:\/\/yoast.com\/product\/yoast-seo-wordpress\/ -->\n<title>Lutte Anti-Drones (LAD) - A-NSE<\/title>\n<meta name=\"robots\" content=\"index, follow, max-snippet:-1, max-image-preview:large, max-video-preview:-1\" \/>\n<link rel=\"canonical\" href=\"https:\/\/www.a-nse.com\/fr\/missions\/counter-unmanned-aerial-system-c-uas\/\" \/>\n<meta property=\"og:locale\" content=\"fr_FR\" \/>\n<meta property=\"og:type\" content=\"article\" \/>\n<meta property=\"og:title\" content=\"Lutte Anti-Drones (LAD) - A-NSE\" \/>\n<meta property=\"og:url\" content=\"https:\/\/www.a-nse.com\/fr\/missions\/counter-unmanned-aerial-system-c-uas\/\" \/>\n<meta property=\"og:site_name\" content=\"A-NSE\" \/>\n<meta property=\"article:modified_time\" content=\"2025-05-12T17:42:02+00:00\" \/>\n<meta name=\"twitter:card\" content=\"summary_large_image\" \/>\n<meta name=\"twitter:label1\" content=\"Dur\u00e9e de lecture estim\u00e9e\" \/>\n\t<meta name=\"twitter:data1\" content=\"1 minute\" \/>\n<script type=\"application\/ld+json\" class=\"yoast-schema-graph\">{\"@context\":\"https:\\\/\\\/schema.org\",\"@graph\":[{\"@type\":\"WebPage\",\"@id\":\"https:\\\/\\\/www.a-nse.com\\\/fr\\\/missions\\\/counter-unmanned-aerial-system-c-uas\\\/\",\"url\":\"https:\\\/\\\/www.a-nse.com\\\/fr\\\/missions\\\/counter-unmanned-aerial-system-c-uas\\\/\",\"name\":\"Lutte Anti-Drones (LAD) - A-NSE\",\"isPartOf\":{\"@id\":\"https:\\\/\\\/www.a-nse.com\\\/fr\\\/#website\"},\"datePublished\":\"2023-10-19T10:12:44+00:00\",\"dateModified\":\"2025-05-12T17:42:02+00:00\",\"breadcrumb\":{\"@id\":\"https:\\\/\\\/www.a-nse.com\\\/fr\\\/missions\\\/counter-unmanned-aerial-system-c-uas\\\/#breadcrumb\"},\"inLanguage\":\"fr-FR\",\"potentialAction\":[{\"@type\":\"ReadAction\",\"target\":[\"https:\\\/\\\/www.a-nse.com\\\/fr\\\/missions\\\/counter-unmanned-aerial-system-c-uas\\\/\"]}]},{\"@type\":\"BreadcrumbList\",\"@id\":\"https:\\\/\\\/www.a-nse.com\\\/fr\\\/missions\\\/counter-unmanned-aerial-system-c-uas\\\/#breadcrumb\",\"itemListElement\":[{\"@type\":\"ListItem\",\"position\":1,\"name\":\"Accueil\",\"item\":\"https:\\\/\\\/www.a-nse.com\\\/fr\\\/home-2023\\\/\"},{\"@type\":\"ListItem\",\"position\":2,\"name\":\"Missions\",\"item\":\"https:\\\/\\\/www.a-nse.com\\\/fr\\\/missions\\\/\"},{\"@type\":\"ListItem\",\"position\":3,\"name\":\"Lutte Anti-Drones (LAD)\"}]},{\"@type\":\"WebSite\",\"@id\":\"https:\\\/\\\/www.a-nse.com\\\/fr\\\/#website\",\"url\":\"https:\\\/\\\/www.a-nse.com\\\/fr\\\/\",\"name\":\"A-NSE\",\"description\":\"Aero-nautic services &amp; engineering\",\"publisher\":{\"@id\":\"https:\\\/\\\/www.a-nse.com\\\/fr\\\/#organization\"},\"potentialAction\":[{\"@type\":\"SearchAction\",\"target\":{\"@type\":\"EntryPoint\",\"urlTemplate\":\"https:\\\/\\\/www.a-nse.com\\\/fr\\\/?s={search_term_string}\"},\"query-input\":{\"@type\":\"PropertyValueSpecification\",\"valueRequired\":true,\"valueName\":\"search_term_string\"}}],\"inLanguage\":\"fr-FR\"},{\"@type\":\"Organization\",\"@id\":\"https:\\\/\\\/www.a-nse.com\\\/fr\\\/#organization\",\"name\":\"A-NSE\",\"url\":\"https:\\\/\\\/www.a-nse.com\\\/fr\\\/\",\"logo\":{\"@type\":\"ImageObject\",\"inLanguage\":\"fr-FR\",\"@id\":\"https:\\\/\\\/www.a-nse.com\\\/fr\\\/#\\\/schema\\\/logo\\\/image\\\/\",\"url\":\"https:\\\/\\\/www.a-nse.com\\\/wp-content\\\/uploads\\\/2023\\\/10\\\/logo-a-nse-2023-ok.png\",\"contentUrl\":\"https:\\\/\\\/www.a-nse.com\\\/wp-content\\\/uploads\\\/2023\\\/10\\\/logo-a-nse-2023-ok.png\",\"width\":666,\"height\":231,\"caption\":\"A-NSE\"},\"image\":{\"@id\":\"https:\\\/\\\/www.a-nse.com\\\/fr\\\/#\\\/schema\\\/logo\\\/image\\\/\"}}]}<\/script>\n<!-- \/ Yoast SEO plugin. -->","yoast_head_json":{"title":"Lutte Anti-Drones (LAD) - A-NSE","robots":{"index":"index","follow":"follow","max-snippet":"max-snippet:-1","max-image-preview":"max-image-preview:large","max-video-preview":"max-video-preview:-1"},"canonical":"https:\/\/www.a-nse.com\/fr\/missions\/counter-unmanned-aerial-system-c-uas\/","og_locale":"fr_FR","og_type":"article","og_title":"Lutte Anti-Drones (LAD) - A-NSE","og_url":"https:\/\/www.a-nse.com\/fr\/missions\/counter-unmanned-aerial-system-c-uas\/","og_site_name":"A-NSE","article_modified_time":"2025-05-12T17:42:02+00:00","twitter_card":"summary_large_image","twitter_misc":{"Dur\u00e9e de lecture estim\u00e9e":"1 minute"},"schema":{"@context":"https:\/\/schema.org","@graph":[{"@type":"WebPage","@id":"https:\/\/www.a-nse.com\/fr\/missions\/counter-unmanned-aerial-system-c-uas\/","url":"https:\/\/www.a-nse.com\/fr\/missions\/counter-unmanned-aerial-system-c-uas\/","name":"Lutte Anti-Drones (LAD) - A-NSE","isPartOf":{"@id":"https:\/\/www.a-nse.com\/fr\/#website"},"datePublished":"2023-10-19T10:12:44+00:00","dateModified":"2025-05-12T17:42:02+00:00","breadcrumb":{"@id":"https:\/\/www.a-nse.com\/fr\/missions\/counter-unmanned-aerial-system-c-uas\/#breadcrumb"},"inLanguage":"fr-FR","potentialAction":[{"@type":"ReadAction","target":["https:\/\/www.a-nse.com\/fr\/missions\/counter-unmanned-aerial-system-c-uas\/"]}]},{"@type":"BreadcrumbList","@id":"https:\/\/www.a-nse.com\/fr\/missions\/counter-unmanned-aerial-system-c-uas\/#breadcrumb","itemListElement":[{"@type":"ListItem","position":1,"name":"Accueil","item":"https:\/\/www.a-nse.com\/fr\/home-2023\/"},{"@type":"ListItem","position":2,"name":"Missions","item":"https:\/\/www.a-nse.com\/fr\/missions\/"},{"@type":"ListItem","position":3,"name":"Lutte Anti-Drones (LAD)"}]},{"@type":"WebSite","@id":"https:\/\/www.a-nse.com\/fr\/#website","url":"https:\/\/www.a-nse.com\/fr\/","name":"A-NSE","description":"Aero-nautic services &amp; engineering","publisher":{"@id":"https:\/\/www.a-nse.com\/fr\/#organization"},"potentialAction":[{"@type":"SearchAction","target":{"@type":"EntryPoint","urlTemplate":"https:\/\/www.a-nse.com\/fr\/?s={search_term_string}"},"query-input":{"@type":"PropertyValueSpecification","valueRequired":true,"valueName":"search_term_string"}}],"inLanguage":"fr-FR"},{"@type":"Organization","@id":"https:\/\/www.a-nse.com\/fr\/#organization","name":"A-NSE","url":"https:\/\/www.a-nse.com\/fr\/","logo":{"@type":"ImageObject","inLanguage":"fr-FR","@id":"https:\/\/www.a-nse.com\/fr\/#\/schema\/logo\/image\/","url":"https:\/\/www.a-nse.com\/wp-content\/uploads\/2023\/10\/logo-a-nse-2023-ok.png","contentUrl":"https:\/\/www.a-nse.com\/wp-content\/uploads\/2023\/10\/logo-a-nse-2023-ok.png","width":666,"height":231,"caption":"A-NSE"},"image":{"@id":"https:\/\/www.a-nse.com\/fr\/#\/schema\/logo\/image\/"}}]}},"_links":{"self":[{"href":"https:\/\/www.a-nse.com\/fr\/wp-json\/wp\/v2\/pages\/5198","targetHints":{"allow":["GET"]}}],"collection":[{"href":"https:\/\/www.a-nse.com\/fr\/wp-json\/wp\/v2\/pages"}],"about":[{"href":"https:\/\/www.a-nse.com\/fr\/wp-json\/wp\/v2\/types\/page"}],"author":[{"embeddable":true,"href":"https:\/\/www.a-nse.com\/fr\/wp-json\/wp\/v2\/users\/5"}],"replies":[{"embeddable":true,"href":"https:\/\/www.a-nse.com\/fr\/wp-json\/wp\/v2\/comments?post=5198"}],"version-history":[{"count":0,"href":"https:\/\/www.a-nse.com\/fr\/wp-json\/wp\/v2\/pages\/5198\/revisions"}],"up":[{"embeddable":true,"href":"https:\/\/www.a-nse.com\/fr\/wp-json\/wp\/v2\/pages\/5205"}],"wp:attachment":[{"href":"https:\/\/www.a-nse.com\/fr\/wp-json\/wp\/v2\/media?parent=5198"}],"curies":[{"name":"wp","href":"https:\/\/api.w.org\/{rel}","templated":true}]}}